{"id":247527,"date":"2021-04-08T10:11:18","date_gmt":"2021-04-08T08:11:18","guid":{"rendered":"https:\/\/mentta.fastdelivery.es\/?post_type=product&#038;p=247527"},"modified":"2026-03-10T17:23:49","modified_gmt":"2026-03-10T16:23:49","slug":"aguacate-exotica","status":"publish","type":"product","link":"https:\/\/mentta.fastdelivery.es\/index.php\/producto\/aguacate-exotica\/","title":{"rendered":"AGUACATE UNIDAD"},"content":{"rendered":"<p>Ricos en \u00e1cido f\u00f3lico, buenos para el coraz\u00f3n, reducen el colesterol y ayudan a bajar de peso. Perfectos para una dieta rica, variada y saludable.<\/p>\n","protected":false},"excerpt":{"rendered":"<p>Precio por unidad.<\/p>\n","protected":false},"featured_media":246036,"comment_status":"closed","ping_status":"closed","template":"","meta":[],"product_brand":[],"product_cat":[19],"product_tag":[88,89,90,91,92,93,94,95,96,97,98,99,100,101,102,103,104,105,106,108,110,112,113,114,116,117,118,119,120,121,122],"class_list":{"0":"post-247527","1":"product","2":"type-product","3":"status-publish","4":"has-post-thumbnail","6":"product_cat-frutas-online","7":"product_tag-a-domicilio","8":"product_tag-almeria","9":"product_tag-bio","10":"product_tag-calidad","11":"product_tag-campestre","12":"product_tag-campo","13":"product_tag-casa","14":"product_tag-comida","15":"product_tag-comida-saludable","16":"product_tag-comunidad-de-madrid","17":"product_tag-confianza","18":"product_tag-costa-rica","19":"product_tag-cultivo","20":"product_tag-eco","21":"product_tag-ensaladas","22":"product_tag-fresco","23":"product_tag-frescura","24":"product_tag-healthy","25":"product_tag-hortalizas","26":"product_tag-huerta","27":"product_tag-la-rioja","28":"product_tag-lo-mejor","29":"product_tag-madrid","30":"product_tag-mercamadrid","31":"product_tag-reparto-a-domicilio","32":"product_tag-salud","33":"product_tag-saludable","34":"product_tag-sano","35":"product_tag-vegetales","36":"product_tag-verdura","37":"product_tag-verdura-a-domicilio","39":"first","40":"instock","41":"shipping-taxable","42":"purchasable","43":"product-type-simple"},"_links":{"self":[{"href":"https:\/\/mentta.fastdelivery.es\/index.php\/wp-json\/wp\/v2\/product\/247527","targetHints":{"allow":["GET"]}}],"collection":[{"href":"https:\/\/mentta.fastdelivery.es\/index.php\/wp-json\/wp\/v2\/product"}],"about":[{"href":"https:\/\/mentta.fastdelivery.es\/index.php\/wp-json\/wp\/v2\/types\/product"}],"replies":[{"embeddable":true,"href":"https:\/\/mentta.fastdelivery.es\/index.php\/wp-json\/wp\/v2\/comments?post=247527"}],"wp:featuredmedia":[{"embeddable":true,"href":"https:\/\/mentta.fastdelivery.es\/index.php\/wp-json\/wp\/v2\/media\/246036"}],"wp:attachment":[{"href":"https:\/\/mentta.fastdelivery.es\/index.php\/wp-json\/wp\/v2\/media?parent=247527"}],"wp:term":[{"taxonomy":"product_brand","embeddable":true,"href":"https:\/\/mentta.fastdelivery.es\/index.php\/wp-json\/wp\/v2\/product_brand?post=247527"},{"taxonomy":"product_cat","embeddable":true,"href":"https:\/\/mentta.fastdelivery.es\/index.php\/wp-json\/wp\/v2\/product_cat?post=247527"},{"taxonomy":"product_tag","embeddable":true,"href":"https:\/\/mentta.fastdelivery.es\/index.php\/wp-json\/wp\/v2\/product_tag?post=247527"}],"curies":[{"name":"wp","href":"https:\/\/api.w.org\/{rel}","templated":true}]}}