{"id":247529,"date":"2021-04-08T10:11:18","date_gmt":"2021-04-08T08:11:18","guid":{"rendered":"https:\/\/mentta.fastdelivery.es\/?post_type=product&#038;p=247529"},"modified":"2026-03-10T17:23:49","modified_gmt":"2026-03-10T16:23:49","slug":"lote-de-la-huerta","status":"publish","type":"product","link":"https:\/\/mentta.fastdelivery.es\/index.php\/producto\/lote-de-la-huerta\/","title":{"rendered":"CESTA DE LA HUERTA"},"content":{"rendered":"<p>Se compone de:<\/p>\n<ul>\n<li>3 kilos patatas.<\/li>\n<li>0,500 gramos pimiento verde.<\/li>\n<li>1 kilo cebolla.<\/li>\n<li>1 kilo calabac\u00edn.<\/li>\n<li>1 manojo cebolleta.<\/li>\n<li>1 kilo tomate pera.<\/li>\n<li>1 kilo tomate rosa.<\/li>\n<li>1 unidad calabaza.<\/li>\n<li>1 kilo pepinos.<\/li>\n<\/ul>\n<p>Como los productos var\u00edan puede que la foto no refleje el contenido real de la cesta.<br \/>\nCon este tipo de caja queremos ofrecerle una manera f\u00e1cil de realizar sus pedidos, r\u00e1pida y c\u00f3modamente.<br \/>\nSi tiene alguna sugerencia respecto a alg\u00fan tipo de caja que desear\u00eda que tengamos disponible utilice el formulario de contacto y realice su comentario. Estaremos encantados de poder mejorar nuestras cestas.<\/p>\n","protected":false},"excerpt":{"rendered":"<p>Precio por cesta. Peso aproximado 10 kilos.<\/p>\n","protected":false},"featured_media":246038,"comment_status":"open","ping_status":"closed","template":"","meta":[],"product_brand":[],"product_cat":[20,16],"product_tag":[88,89,90,91,92,93,94,95,96,97,98,99,100,101,102,103,104,105,106,108,110,112,113,114,116,117,118,119,120,121,122],"class_list":{"0":"post-247529","1":"product","2":"type-product","3":"status-publish","4":"has-post-thumbnail","6":"product_cat-cestas","7":"product_cat-verduras-y-hortalizas","8":"product_tag-a-domicilio","9":"product_tag-almeria","10":"product_tag-bio","11":"product_tag-calidad","12":"product_tag-campestre","13":"product_tag-campo","14":"product_tag-casa","15":"product_tag-comida","16":"product_tag-comida-saludable","17":"product_tag-comunidad-de-madrid","18":"product_tag-confianza","19":"product_tag-costa-rica","20":"product_tag-cultivo","21":"product_tag-eco","22":"product_tag-ensaladas","23":"product_tag-fresco","24":"product_tag-frescura","25":"product_tag-healthy","26":"product_tag-hortalizas","27":"product_tag-huerta","28":"product_tag-la-rioja","29":"product_tag-lo-mejor","30":"product_tag-madrid","31":"product_tag-mercamadrid","32":"product_tag-reparto-a-domicilio","33":"product_tag-salud","34":"product_tag-saludable","35":"product_tag-sano","36":"product_tag-vegetales","37":"product_tag-verdura","38":"product_tag-verdura-a-domicilio","40":"first","41":"instock","42":"shipping-taxable","43":"purchasable","44":"product-type-simple"},"_links":{"self":[{"href":"https:\/\/mentta.fastdelivery.es\/index.php\/wp-json\/wp\/v2\/product\/247529","targetHints":{"allow":["GET"]}}],"collection":[{"href":"https:\/\/mentta.fastdelivery.es\/index.php\/wp-json\/wp\/v2\/product"}],"about":[{"href":"https:\/\/mentta.fastdelivery.es\/index.php\/wp-json\/wp\/v2\/types\/product"}],"replies":[{"embeddable":true,"href":"https:\/\/mentta.fastdelivery.es\/index.php\/wp-json\/wp\/v2\/comments?post=247529"}],"wp:featuredmedia":[{"embeddable":true,"href":"https:\/\/mentta.fastdelivery.es\/index.php\/wp-json\/wp\/v2\/media\/246038"}],"wp:attachment":[{"href":"https:\/\/mentta.fastdelivery.es\/index.php\/wp-json\/wp\/v2\/media?parent=247529"}],"wp:term":[{"taxonomy":"product_brand","embeddable":true,"href":"https:\/\/mentta.fastdelivery.es\/index.php\/wp-json\/wp\/v2\/product_brand?post=247529"},{"taxonomy":"product_cat","embeddable":true,"href":"https:\/\/mentta.fastdelivery.es\/index.php\/wp-json\/wp\/v2\/product_cat?post=247529"},{"taxonomy":"product_tag","embeddable":true,"href":"https:\/\/mentta.fastdelivery.es\/index.php\/wp-json\/wp\/v2\/product_tag?post=247529"}],"curies":[{"name":"wp","href":"https:\/\/api.w.org\/{rel}","templated":true}]}}