{"id":247542,"date":"2021-04-08T10:11:21","date_gmt":"2021-04-08T08:11:21","guid":{"rendered":"https:\/\/mentta.fastdelivery.es\/?post_type=product&#038;p=247542"},"modified":"2026-03-10T17:23:48","modified_gmt":"2026-03-10T16:23:48","slug":"pina-avion-gold-extra","status":"publish","type":"product","link":"https:\/\/mentta.fastdelivery.es\/index.php\/producto\/pina-avion-gold-extra\/","title":{"rendered":"PI\u00d1A AVI\u00d3N GOLD"},"content":{"rendered":"<p>Pi\u00f1a cultivada en Costa Rica, se diferencia del resto de las pi\u00f1as, ya que no se corta en verde, sino que en el momento justo de su maduraci\u00f3n se corta y se transporta en avi\u00f3n, completando toda su maduraci\u00f3n en la planta y concentrando todo su sabor y olor. Posiblemente la mejor pi\u00f1a del mundo.<\/p>\n","protected":false},"excerpt":{"rendered":"<p>Precio por unidad.<\/p>\n","protected":false},"featured_media":246119,"comment_status":"closed","ping_status":"closed","template":"","meta":[],"product_brand":[],"product_cat":[19,29],"product_tag":[88,90,91,92,93,94,95,96,97,98,100,101,102,103,105,106,108,116,117,118,119,120,121,122],"class_list":{"0":"post-247542","1":"product","2":"type-product","3":"status-publish","4":"has-post-thumbnail","6":"product_cat-frutas-online","7":"product_cat-pinas","8":"product_tag-a-domicilio","9":"product_tag-bio","10":"product_tag-calidad","11":"product_tag-campestre","12":"product_tag-campo","13":"product_tag-casa","14":"product_tag-comida","15":"product_tag-comida-saludable","16":"product_tag-comunidad-de-madrid","17":"product_tag-confianza","18":"product_tag-cultivo","19":"product_tag-eco","20":"product_tag-ensaladas","21":"product_tag-fresco","22":"product_tag-healthy","23":"product_tag-hortalizas","24":"product_tag-huerta","25":"product_tag-reparto-a-domicilio","26":"product_tag-salud","27":"product_tag-saludable","28":"product_tag-sano","29":"product_tag-vegetales","30":"product_tag-verdura","31":"product_tag-verdura-a-domicilio","33":"first","34":"instock","35":"shipping-taxable","36":"purchasable","37":"product-type-simple"},"_links":{"self":[{"href":"https:\/\/mentta.fastdelivery.es\/index.php\/wp-json\/wp\/v2\/product\/247542","targetHints":{"allow":["GET"]}}],"collection":[{"href":"https:\/\/mentta.fastdelivery.es\/index.php\/wp-json\/wp\/v2\/product"}],"about":[{"href":"https:\/\/mentta.fastdelivery.es\/index.php\/wp-json\/wp\/v2\/types\/product"}],"replies":[{"embeddable":true,"href":"https:\/\/mentta.fastdelivery.es\/index.php\/wp-json\/wp\/v2\/comments?post=247542"}],"wp:featuredmedia":[{"embeddable":true,"href":"https:\/\/mentta.fastdelivery.es\/index.php\/wp-json\/wp\/v2\/media\/246119"}],"wp:attachment":[{"href":"https:\/\/mentta.fastdelivery.es\/index.php\/wp-json\/wp\/v2\/media?parent=247542"}],"wp:term":[{"taxonomy":"product_brand","embeddable":true,"href":"https:\/\/mentta.fastdelivery.es\/index.php\/wp-json\/wp\/v2\/product_brand?post=247542"},{"taxonomy":"product_cat","embeddable":true,"href":"https:\/\/mentta.fastdelivery.es\/index.php\/wp-json\/wp\/v2\/product_cat?post=247542"},{"taxonomy":"product_tag","embeddable":true,"href":"https:\/\/mentta.fastdelivery.es\/index.php\/wp-json\/wp\/v2\/product_tag?post=247542"}],"curies":[{"name":"wp","href":"https:\/\/api.w.org\/{rel}","templated":true}]}}