{"id":247553,"date":"2021-04-08T10:12:01","date_gmt":"2021-04-08T08:12:01","guid":{"rendered":"https:\/\/mentta.fastdelivery.es\/?post_type=product&#038;p=247553"},"modified":"2026-03-10T17:23:47","modified_gmt":"2026-03-10T16:23:47","slug":"judia-blanca-de-rinon-leon","status":"publish","type":"product","link":"https:\/\/mentta.fastdelivery.es\/index.php\/producto\/judia-blanca-de-rinon-leon\/","title":{"rendered":"JUD\u00cdA BLANCA DE RI\u00d1\u00d3N (Le\u00f3n)"},"content":{"rendered":"<p>Es muy apreciada por su mantecosidad y piel fina, posiblemente sea la alubia de mayor calidad dentro de las alubias blancas.<\/p>\n","protected":false},"excerpt":{"rendered":"<p>Precio por kilo.<\/p>\n","protected":false},"featured_media":246134,"comment_status":"closed","ping_status":"closed","template":"","meta":[],"product_brand":[],"product_cat":[21],"product_tag":[88,90,91,92,93,94,95,96,97,98,100,101,102,103,105,106,108,116,117,118,119,120,121,122],"class_list":{"0":"post-247553","1":"product","2":"type-product","3":"status-publish","4":"has-post-thumbnail","6":"product_cat-legumbres","7":"product_tag-a-domicilio","8":"product_tag-bio","9":"product_tag-calidad","10":"product_tag-campestre","11":"product_tag-campo","12":"product_tag-casa","13":"product_tag-comida","14":"product_tag-comida-saludable","15":"product_tag-comunidad-de-madrid","16":"product_tag-confianza","17":"product_tag-cultivo","18":"product_tag-eco","19":"product_tag-ensaladas","20":"product_tag-fresco","21":"product_tag-healthy","22":"product_tag-hortalizas","23":"product_tag-huerta","24":"product_tag-reparto-a-domicilio","25":"product_tag-salud","26":"product_tag-saludable","27":"product_tag-sano","28":"product_tag-vegetales","29":"product_tag-verdura","30":"product_tag-verdura-a-domicilio","32":"first","33":"instock","34":"shipping-taxable","35":"purchasable","36":"product-type-simple"},"_links":{"self":[{"href":"https:\/\/mentta.fastdelivery.es\/index.php\/wp-json\/wp\/v2\/product\/247553","targetHints":{"allow":["GET"]}}],"collection":[{"href":"https:\/\/mentta.fastdelivery.es\/index.php\/wp-json\/wp\/v2\/product"}],"about":[{"href":"https:\/\/mentta.fastdelivery.es\/index.php\/wp-json\/wp\/v2\/types\/product"}],"replies":[{"embeddable":true,"href":"https:\/\/mentta.fastdelivery.es\/index.php\/wp-json\/wp\/v2\/comments?post=247553"}],"wp:featuredmedia":[{"embeddable":true,"href":"https:\/\/mentta.fastdelivery.es\/index.php\/wp-json\/wp\/v2\/media\/246134"}],"wp:attachment":[{"href":"https:\/\/mentta.fastdelivery.es\/index.php\/wp-json\/wp\/v2\/media?parent=247553"}],"wp:term":[{"taxonomy":"product_brand","embeddable":true,"href":"https:\/\/mentta.fastdelivery.es\/index.php\/wp-json\/wp\/v2\/product_brand?post=247553"},{"taxonomy":"product_cat","embeddable":true,"href":"https:\/\/mentta.fastdelivery.es\/index.php\/wp-json\/wp\/v2\/product_cat?post=247553"},{"taxonomy":"product_tag","embeddable":true,"href":"https:\/\/mentta.fastdelivery.es\/index.php\/wp-json\/wp\/v2\/product_tag?post=247553"}],"curies":[{"name":"wp","href":"https:\/\/api.w.org\/{rel}","templated":true}]}}