{"id":247565,"date":"2021-04-08T10:12:27","date_gmt":"2021-04-08T08:12:27","guid":{"rendered":"https:\/\/mentta.fastdelivery.es\/?post_type=product&#038;p=247565"},"modified":"2026-03-10T17:23:47","modified_gmt":"2026-03-10T16:23:47","slug":"batata","status":"publish","type":"product","link":"https:\/\/mentta.fastdelivery.es\/index.php\/producto\/batata\/","title":{"rendered":"BATATA"},"content":{"rendered":"<p>El\u00a0boniato o batata\u00a0es un tub\u00e9rculo que, a pesar de que hoy podemos encontrarlo durante muchos meses en el mercado, pertenece a los meses m\u00e1s fr\u00edos del a\u00f1o. A\u00fan somos muchos los que lo asociamos a la aparici\u00f3n de las casta\u00f1as, cuando el aroma de ambos productos cocinados sobre brasas empieza a inundar calles y hogares.<\/p>\n","protected":false},"excerpt":{"rendered":"<p>Precio por Kilo.<\/p>\n","protected":false},"featured_media":246082,"comment_status":"closed","ping_status":"closed","template":"","meta":[],"product_brand":[],"product_cat":[16],"product_tag":[88,90,91,92,93,95,96,98,108,131,133],"class_list":{"0":"post-247565","1":"product","2":"type-product","3":"status-publish","4":"has-post-thumbnail","6":"product_cat-verduras-y-hortalizas","7":"product_tag-a-domicilio","8":"product_tag-bio","9":"product_tag-calidad","10":"product_tag-campestre","11":"product_tag-campo","12":"product_tag-comida","13":"product_tag-comida-saludable","14":"product_tag-confianza","15":"product_tag-huerta","16":"product_tag-natural","17":"product_tag-sabor","19":"first","20":"instock","21":"shipping-taxable","22":"purchasable","23":"product-type-simple"},"_links":{"self":[{"href":"https:\/\/mentta.fastdelivery.es\/index.php\/wp-json\/wp\/v2\/product\/247565","targetHints":{"allow":["GET"]}}],"collection":[{"href":"https:\/\/mentta.fastdelivery.es\/index.php\/wp-json\/wp\/v2\/product"}],"about":[{"href":"https:\/\/mentta.fastdelivery.es\/index.php\/wp-json\/wp\/v2\/types\/product"}],"replies":[{"embeddable":true,"href":"https:\/\/mentta.fastdelivery.es\/index.php\/wp-json\/wp\/v2\/comments?post=247565"}],"wp:featuredmedia":[{"embeddable":true,"href":"https:\/\/mentta.fastdelivery.es\/index.php\/wp-json\/wp\/v2\/media\/246082"}],"wp:attachment":[{"href":"https:\/\/mentta.fastdelivery.es\/index.php\/wp-json\/wp\/v2\/media?parent=247565"}],"wp:term":[{"taxonomy":"product_brand","embeddable":true,"href":"https:\/\/mentta.fastdelivery.es\/index.php\/wp-json\/wp\/v2\/product_brand?post=247565"},{"taxonomy":"product_cat","embeddable":true,"href":"https:\/\/mentta.fastdelivery.es\/index.php\/wp-json\/wp\/v2\/product_cat?post=247565"},{"taxonomy":"product_tag","embeddable":true,"href":"https:\/\/mentta.fastdelivery.es\/index.php\/wp-json\/wp\/v2\/product_tag?post=247565"}],"curies":[{"name":"wp","href":"https:\/\/api.w.org\/{rel}","templated":true}]}}