{"id":247578,"date":"2021-04-08T10:12:30","date_gmt":"2021-04-08T08:12:30","guid":{"rendered":"https:\/\/mentta.fastdelivery.es\/?post_type=product&#038;p=247578"},"modified":"2026-03-10T17:23:46","modified_gmt":"2026-03-10T16:23:46","slug":"cajita-arandanos-extra-125g","status":"publish","type":"product","link":"https:\/\/mentta.fastdelivery.es\/index.php\/producto\/cajita-arandanos-extra-125g\/","title":{"rendered":"ARANDANOS EXTRA"},"content":{"rendered":"<p>\u00a1Descubre el tesoro antioxidante de los ar\u00e1ndanos! Sum\u00e9rgete en el sabor vibrante y los beneficios para la salud de esta peque\u00f1a maravilla. \u00a1Cada bocado es una explosi\u00f3n refrescante llena de vitalidad!<\/p>\n<p>Con su intenso color azul oscuro y su textura jugosa, son la elecci\u00f3n perfecta para los amantes de la buena alimentaci\u00f3n.<\/p>\n","protected":false},"excerpt":{"rendered":"<p>Bandeja 125 gramos.<\/p>\n","protected":false},"featured_media":246157,"comment_status":"closed","ping_status":"closed","template":"","meta":[],"product_brand":[],"product_cat":[19],"product_tag":[],"class_list":{"0":"post-247578","1":"product","2":"type-product","3":"status-publish","4":"has-post-thumbnail","6":"product_cat-frutas-online","8":"first","9":"instock","10":"shipping-taxable","11":"purchasable","12":"product-type-simple"},"_links":{"self":[{"href":"https:\/\/mentta.fastdelivery.es\/index.php\/wp-json\/wp\/v2\/product\/247578","targetHints":{"allow":["GET"]}}],"collection":[{"href":"https:\/\/mentta.fastdelivery.es\/index.php\/wp-json\/wp\/v2\/product"}],"about":[{"href":"https:\/\/mentta.fastdelivery.es\/index.php\/wp-json\/wp\/v2\/types\/product"}],"replies":[{"embeddable":true,"href":"https:\/\/mentta.fastdelivery.es\/index.php\/wp-json\/wp\/v2\/comments?post=247578"}],"wp:featuredmedia":[{"embeddable":true,"href":"https:\/\/mentta.fastdelivery.es\/index.php\/wp-json\/wp\/v2\/media\/246157"}],"wp:attachment":[{"href":"https:\/\/mentta.fastdelivery.es\/index.php\/wp-json\/wp\/v2\/media?parent=247578"}],"wp:term":[{"taxonomy":"product_brand","embeddable":true,"href":"https:\/\/mentta.fastdelivery.es\/index.php\/wp-json\/wp\/v2\/product_brand?post=247578"},{"taxonomy":"product_cat","embeddable":true,"href":"https:\/\/mentta.fastdelivery.es\/index.php\/wp-json\/wp\/v2\/product_cat?post=247578"},{"taxonomy":"product_tag","embeddable":true,"href":"https:\/\/mentta.fastdelivery.es\/index.php\/wp-json\/wp\/v2\/product_tag?post=247578"}],"curies":[{"name":"wp","href":"https:\/\/api.w.org\/{rel}","templated":true}]}}