{"id":247600,"date":"2021-05-24T15:58:24","date_gmt":"2021-05-24T13:58:24","guid":{"rendered":"https:\/\/mentta.fastdelivery.es\/?post_type=product&#038;p=247600"},"modified":"2026-03-10T17:23:46","modified_gmt":"2026-03-10T16:23:46","slug":"cesta-para-pures-y-cremas","status":"publish","type":"product","link":"https:\/\/mentta.fastdelivery.es\/index.php\/producto\/cesta-para-pures-y-cremas\/","title":{"rendered":"CESTA PARA PUR\u00c9S Y CREMAS"},"content":{"rendered":"<p>Compuesta por:<\/p>\n<ul>\n<li>2 unidades puerro<\/li>\n<li>2 unidades nabos.<\/li>\n<li>1 unidad apio.<\/li>\n<li>1 kilo zanahorias.<\/li>\n<li>1 unidad calabaza cacahuete.<\/li>\n<li>0,500 gramos jud\u00edas verdes.<\/li>\n<li>1 kilo patatas.<\/li>\n<li>2 unidades calabac\u00edn.<\/li>\n<li>1 kilo tomate pera.<\/li>\n<\/ul>\n<p>Como los productos var\u00edan puede que la foto no refleje el contenido real de la cesta.<br \/>\nCon este tipo de caja queremos ofrecerle una manera f\u00e1cil de realizar sus pedidos, r\u00e1pida y c\u00f3modamente.<br \/>\nSi tiene alguna sugerencia respecto a alg\u00fan tipo de caja que desear\u00eda que tengamos disponible utilice el formulario de contacto y realice su comentario. Estaremos encantados de poder mejorar nuestras cestas.<\/p>\n","protected":false},"excerpt":{"rendered":"<p>Precio por cesta. Peso aproximado 9 kilos.<\/p>\n<p>&nbsp;<\/p>\n","protected":false},"featured_media":247601,"comment_status":"open","ping_status":"closed","template":"","meta":[],"product_brand":[],"product_cat":[20],"product_tag":[],"class_list":{"0":"post-247600","1":"product","2":"type-product","3":"status-publish","4":"has-post-thumbnail","6":"product_cat-cestas","8":"first","9":"instock","10":"shipping-taxable","11":"purchasable","12":"product-type-simple"},"_links":{"self":[{"href":"https:\/\/mentta.fastdelivery.es\/index.php\/wp-json\/wp\/v2\/product\/247600","targetHints":{"allow":["GET"]}}],"collection":[{"href":"https:\/\/mentta.fastdelivery.es\/index.php\/wp-json\/wp\/v2\/product"}],"about":[{"href":"https:\/\/mentta.fastdelivery.es\/index.php\/wp-json\/wp\/v2\/types\/product"}],"replies":[{"embeddable":true,"href":"https:\/\/mentta.fastdelivery.es\/index.php\/wp-json\/wp\/v2\/comments?post=247600"}],"wp:featuredmedia":[{"embeddable":true,"href":"https:\/\/mentta.fastdelivery.es\/index.php\/wp-json\/wp\/v2\/media\/247601"}],"wp:attachment":[{"href":"https:\/\/mentta.fastdelivery.es\/index.php\/wp-json\/wp\/v2\/media?parent=247600"}],"wp:term":[{"taxonomy":"product_brand","embeddable":true,"href":"https:\/\/mentta.fastdelivery.es\/index.php\/wp-json\/wp\/v2\/product_brand?post=247600"},{"taxonomy":"product_cat","embeddable":true,"href":"https:\/\/mentta.fastdelivery.es\/index.php\/wp-json\/wp\/v2\/product_cat?post=247600"},{"taxonomy":"product_tag","embeddable":true,"href":"https:\/\/mentta.fastdelivery.es\/index.php\/wp-json\/wp\/v2\/product_tag?post=247600"}],"curies":[{"name":"wp","href":"https:\/\/api.w.org\/{rel}","templated":true}]}}