{"id":247606,"date":"2021-06-07T20:21:47","date_gmt":"2021-06-07T18:21:47","guid":{"rendered":"https:\/\/mentta.fastdelivery.es\/?post_type=product&#038;p=247606"},"modified":"2026-03-10T17:23:46","modified_gmt":"2026-03-10T16:23:46","slug":"cesta-de-fruta-de-verano","status":"publish","type":"product","link":"https:\/\/mentta.fastdelivery.es\/index.php\/producto\/cesta-de-fruta-de-verano\/","title":{"rendered":"CESTA DE FRUTA TEMPORADA"},"content":{"rendered":"<p>Puesto que no hay nadie como vosotros para fijarnos en que incluir en ella, est\u00e1 dise\u00f1ada con los productos m\u00e1s vendidos de frutas.<\/p>\n<p>Compuesta por:<\/p>\n<ul>\n<li>500 gramos uvas.<\/li>\n<li>1 unidad mel\u00f3n.<\/li>\n<li>1 kilo nectarina<\/li>\n<li>1 unidad pi\u00f1a.<\/li>\n<li>500 gramos platanos.<\/li>\n<li>500 gramos melocoton amarillo<\/li>\n<\/ul>\n<p>Como los productos var\u00edan, puede que la foto no refleje el contenido real de la cesta.<br \/>\nCon este tipo de caja queremos ofrecerle una manera f\u00e1cil de realizar sus pedidos, r\u00e1pida y c\u00f3modamente.<br \/>\nSi tiene alguna sugerencia respecto a alg\u00fan tipo de caja que desear\u00eda que tengamos disponible, utilice el formulario de contacto y realice su comentario. Estaremos encantados de poder mejorar nuestras cestas.<\/p>\n<p>La imagen no corresponde con la cesta real.<\/p>\n<p>&nbsp;<\/p>\n","protected":false},"excerpt":{"rendered":"<p>Precio por cesta.<\/p>\n<p>&nbsp;<\/p>\n<p>&nbsp;<\/p>\n","protected":false},"featured_media":246165,"comment_status":"closed","ping_status":"closed","template":"","meta":[],"product_brand":[],"product_cat":[20,19],"product_tag":[],"class_list":{"0":"post-247606","1":"product","2":"type-product","3":"status-publish","4":"has-post-thumbnail","6":"product_cat-cestas","7":"product_cat-frutas-online","9":"first","10":"instock","11":"featured","12":"shipping-taxable","13":"purchasable","14":"product-type-simple"},"_links":{"self":[{"href":"https:\/\/mentta.fastdelivery.es\/index.php\/wp-json\/wp\/v2\/product\/247606","targetHints":{"allow":["GET"]}}],"collection":[{"href":"https:\/\/mentta.fastdelivery.es\/index.php\/wp-json\/wp\/v2\/product"}],"about":[{"href":"https:\/\/mentta.fastdelivery.es\/index.php\/wp-json\/wp\/v2\/types\/product"}],"replies":[{"embeddable":true,"href":"https:\/\/mentta.fastdelivery.es\/index.php\/wp-json\/wp\/v2\/comments?post=247606"}],"wp:featuredmedia":[{"embeddable":true,"href":"https:\/\/mentta.fastdelivery.es\/index.php\/wp-json\/wp\/v2\/media\/246165"}],"wp:attachment":[{"href":"https:\/\/mentta.fastdelivery.es\/index.php\/wp-json\/wp\/v2\/media?parent=247606"}],"wp:term":[{"taxonomy":"product_brand","embeddable":true,"href":"https:\/\/mentta.fastdelivery.es\/index.php\/wp-json\/wp\/v2\/product_brand?post=247606"},{"taxonomy":"product_cat","embeddable":true,"href":"https:\/\/mentta.fastdelivery.es\/index.php\/wp-json\/wp\/v2\/product_cat?post=247606"},{"taxonomy":"product_tag","embeddable":true,"href":"https:\/\/mentta.fastdelivery.es\/index.php\/wp-json\/wp\/v2\/product_tag?post=247606"}],"curies":[{"name":"wp","href":"https:\/\/api.w.org\/{rel}","templated":true}]}}