{"id":247624,"date":"2021-09-24T14:57:34","date_gmt":"2021-09-24T12:57:34","guid":{"rendered":"https:\/\/mentta.fastdelivery.es\/?post_type=product&#038;p=247624"},"modified":"2026-03-10T17:23:46","modified_gmt":"2026-03-10T16:23:46","slug":"coliflor-blanca","status":"publish","type":"product","link":"https:\/\/mentta.fastdelivery.es\/index.php\/producto\/coliflor-blanca\/","title":{"rendered":"COLIFLOR BLANCA"},"content":{"rendered":"<p>\u200f\u00a1La joya escondida de la huerta! Coliflor fresca y exquisita, el ingrediente vers\u00e1til que elevar\u00e1 tus recetas a otro nivel. Descubre su textura \u00fanica y su sabor inigualable. \u00a1Hazte con la coliflor m\u00e1s deliciosa y sana para una experiencia culinaria incre\u00edble!<\/p>\n","protected":false},"excerpt":{"rendered":"<p>Precio por unidad.<\/p>\n","protected":false},"featured_media":246171,"comment_status":"closed","ping_status":"closed","template":"","meta":[],"product_brand":[],"product_cat":[16],"product_tag":[],"class_list":{"0":"post-247624","1":"product","2":"type-product","3":"status-publish","4":"has-post-thumbnail","6":"product_cat-verduras-y-hortalizas","8":"first","9":"instock","10":"shipping-taxable","11":"purchasable","12":"product-type-simple"},"_links":{"self":[{"href":"https:\/\/mentta.fastdelivery.es\/index.php\/wp-json\/wp\/v2\/product\/247624","targetHints":{"allow":["GET"]}}],"collection":[{"href":"https:\/\/mentta.fastdelivery.es\/index.php\/wp-json\/wp\/v2\/product"}],"about":[{"href":"https:\/\/mentta.fastdelivery.es\/index.php\/wp-json\/wp\/v2\/types\/product"}],"replies":[{"embeddable":true,"href":"https:\/\/mentta.fastdelivery.es\/index.php\/wp-json\/wp\/v2\/comments?post=247624"}],"wp:featuredmedia":[{"embeddable":true,"href":"https:\/\/mentta.fastdelivery.es\/index.php\/wp-json\/wp\/v2\/media\/246171"}],"wp:attachment":[{"href":"https:\/\/mentta.fastdelivery.es\/index.php\/wp-json\/wp\/v2\/media?parent=247624"}],"wp:term":[{"taxonomy":"product_brand","embeddable":true,"href":"https:\/\/mentta.fastdelivery.es\/index.php\/wp-json\/wp\/v2\/product_brand?post=247624"},{"taxonomy":"product_cat","embeddable":true,"href":"https:\/\/mentta.fastdelivery.es\/index.php\/wp-json\/wp\/v2\/product_cat?post=247624"},{"taxonomy":"product_tag","embeddable":true,"href":"https:\/\/mentta.fastdelivery.es\/index.php\/wp-json\/wp\/v2\/product_tag?post=247624"}],"curies":[{"name":"wp","href":"https:\/\/api.w.org\/{rel}","templated":true}]}}