{"id":247649,"date":"2021-12-01T11:08:09","date_gmt":"2021-12-01T10:08:09","guid":{"rendered":"https:\/\/mentta.fastdelivery.es\/?post_type=product&#038;p=247649"},"modified":"2026-03-10T17:23:45","modified_gmt":"2026-03-10T16:23:45","slug":"cesta-basica","status":"publish","type":"product","link":"https:\/\/mentta.fastdelivery.es\/index.php\/producto\/cesta-basica\/","title":{"rendered":"CESTA BASICA"},"content":{"rendered":"<p>Elaborada con los productos mas vendidos de verdura, as\u00ed que lo consideramos un fondo de armario ideal para toda la semana.<\/p>\n<p>Si te justar\u00eda cambiar alg\u00fan producto, solo tienes que decirnos.<\/p>\n<ul>\n<li>1 kilo patatas.<\/li>\n<li>0,500 gramos cebolla.<\/li>\n<li>0,250 gramos ajo.<\/li>\n<li>Perejil.<\/li>\n<li>0,500 gramos puerros.<\/li>\n<li>0,500 gramos jud\u00edas verdes.<\/li>\n<li>1 unidad calabac\u00edn.<\/li>\n<li>1 unidad nabo.<\/li>\n<li>1 unidad berenjena.<\/li>\n<li>1 kilo zanahorias.<\/li>\n<\/ul>\n<p>Como los productos var\u00edan puede que la foto no refleje el contenido real de la cesta.<br \/>\nCon este tipo de caja queremos ofrecerle una manera f\u00e1cil de realizar sus pedidos, r\u00e1pida y c\u00f3modamente.<br \/>\nSi tiene alguna sugerencia respecto a alg\u00fan tipo de caja que desear\u00eda que tengamos disponible utilice el formulario de contacto y realice su comentario. Estaremos encantados de poder mejorar nuestras cestas.<\/p>\n","protected":false},"excerpt":{"rendered":"<p>Precio por cesta.<\/p>\n","protected":false},"featured_media":246189,"comment_status":"open","ping_status":"closed","template":"","meta":[],"product_brand":[],"product_cat":[20],"product_tag":[],"class_list":{"0":"post-247649","1":"product","2":"type-product","3":"status-publish","4":"has-post-thumbnail","6":"product_cat-cestas","8":"first","9":"instock","10":"shipping-taxable","11":"purchasable","12":"product-type-simple"},"_links":{"self":[{"href":"https:\/\/mentta.fastdelivery.es\/index.php\/wp-json\/wp\/v2\/product\/247649","targetHints":{"allow":["GET"]}}],"collection":[{"href":"https:\/\/mentta.fastdelivery.es\/index.php\/wp-json\/wp\/v2\/product"}],"about":[{"href":"https:\/\/mentta.fastdelivery.es\/index.php\/wp-json\/wp\/v2\/types\/product"}],"replies":[{"embeddable":true,"href":"https:\/\/mentta.fastdelivery.es\/index.php\/wp-json\/wp\/v2\/comments?post=247649"}],"wp:featuredmedia":[{"embeddable":true,"href":"https:\/\/mentta.fastdelivery.es\/index.php\/wp-json\/wp\/v2\/media\/246189"}],"wp:attachment":[{"href":"https:\/\/mentta.fastdelivery.es\/index.php\/wp-json\/wp\/v2\/media?parent=247649"}],"wp:term":[{"taxonomy":"product_brand","embeddable":true,"href":"https:\/\/mentta.fastdelivery.es\/index.php\/wp-json\/wp\/v2\/product_brand?post=247649"},{"taxonomy":"product_cat","embeddable":true,"href":"https:\/\/mentta.fastdelivery.es\/index.php\/wp-json\/wp\/v2\/product_cat?post=247649"},{"taxonomy":"product_tag","embeddable":true,"href":"https:\/\/mentta.fastdelivery.es\/index.php\/wp-json\/wp\/v2\/product_tag?post=247649"}],"curies":[{"name":"wp","href":"https:\/\/api.w.org\/{rel}","templated":true}]}}