{"id":247683,"date":"2022-11-16T12:21:08","date_gmt":"2022-11-16T11:21:08","guid":{"rendered":"https:\/\/mentta.fastdelivery.es\/?post_type=product&#038;p=247683"},"modified":"2026-03-10T17:23:45","modified_gmt":"2026-03-10T16:23:45","slug":"pitahaya","status":"publish","type":"product","link":"https:\/\/mentta.fastdelivery.es\/index.php\/producto\/pitahaya\/","title":{"rendered":"PITAHAYA"},"content":{"rendered":"<p>Es muy rica en <strong>fibra y agua<\/strong>, con bajo contenido cal\u00f3rico que no supera las 100 kcal por cada 100 gramos de porci\u00f3n comestible, siendo por tanto fuente de hidratos de carbono pero con un aporte energ\u00e9tico muy moderado.<\/p>\n<p>&nbsp;<\/p>\n","protected":false},"excerpt":{"rendered":"<p>Precio por unidad.<\/p>\n","protected":false},"featured_media":247684,"comment_status":"closed","ping_status":"closed","template":"","meta":[],"product_brand":[],"product_cat":[19],"product_tag":[],"class_list":{"0":"post-247683","1":"product","2":"type-product","3":"status-publish","4":"has-post-thumbnail","6":"product_cat-frutas-online","8":"first","9":"instock","10":"shipping-taxable","11":"purchasable","12":"product-type-simple"},"_links":{"self":[{"href":"https:\/\/mentta.fastdelivery.es\/index.php\/wp-json\/wp\/v2\/product\/247683","targetHints":{"allow":["GET"]}}],"collection":[{"href":"https:\/\/mentta.fastdelivery.es\/index.php\/wp-json\/wp\/v2\/product"}],"about":[{"href":"https:\/\/mentta.fastdelivery.es\/index.php\/wp-json\/wp\/v2\/types\/product"}],"replies":[{"embeddable":true,"href":"https:\/\/mentta.fastdelivery.es\/index.php\/wp-json\/wp\/v2\/comments?post=247683"}],"wp:featuredmedia":[{"embeddable":true,"href":"https:\/\/mentta.fastdelivery.es\/index.php\/wp-json\/wp\/v2\/media\/247684"}],"wp:attachment":[{"href":"https:\/\/mentta.fastdelivery.es\/index.php\/wp-json\/wp\/v2\/media?parent=247683"}],"wp:term":[{"taxonomy":"product_brand","embeddable":true,"href":"https:\/\/mentta.fastdelivery.es\/index.php\/wp-json\/wp\/v2\/product_brand?post=247683"},{"taxonomy":"product_cat","embeddable":true,"href":"https:\/\/mentta.fastdelivery.es\/index.php\/wp-json\/wp\/v2\/product_cat?post=247683"},{"taxonomy":"product_tag","embeddable":true,"href":"https:\/\/mentta.fastdelivery.es\/index.php\/wp-json\/wp\/v2\/product_tag?post=247683"}],"curies":[{"name":"wp","href":"https:\/\/api.w.org\/{rel}","templated":true}]}}