{"id":247686,"date":"2022-11-16T13:20:45","date_gmt":"2022-11-16T12:20:45","guid":{"rendered":"https:\/\/mentta.fastdelivery.es\/?post_type=product&#038;p=247686"},"modified":"2026-03-10T17:23:45","modified_gmt":"2026-03-10T16:23:45","slug":"pimiento-amarillo","status":"publish","type":"product","link":"https:\/\/mentta.fastdelivery.es\/index.php\/producto\/pimiento-amarillo\/","title":{"rendered":"PIMIENTO AMARILLO"},"content":{"rendered":"<p>El pimiento amarillo al encontrarse en una fase de maduraci\u00f3n intermedia hace que sea m\u00e1s dulce que el pimiento verde pero no tanto como el rojo.Con respecto al verde tiene m\u00e1s vitaminas y un aporte nutricional m\u00e1s rico.<\/p>\n","protected":false},"excerpt":{"rendered":"<p>Precio por kilo.<\/p>\n","protected":false},"featured_media":246233,"comment_status":"closed","ping_status":"closed","template":"","meta":[],"product_brand":[],"product_cat":[16],"product_tag":[],"class_list":{"0":"post-247686","1":"product","2":"type-product","3":"status-publish","4":"has-post-thumbnail","6":"product_cat-verduras-y-hortalizas","8":"first","9":"instock","10":"shipping-taxable","11":"purchasable","12":"product-type-simple"},"_links":{"self":[{"href":"https:\/\/mentta.fastdelivery.es\/index.php\/wp-json\/wp\/v2\/product\/247686","targetHints":{"allow":["GET"]}}],"collection":[{"href":"https:\/\/mentta.fastdelivery.es\/index.php\/wp-json\/wp\/v2\/product"}],"about":[{"href":"https:\/\/mentta.fastdelivery.es\/index.php\/wp-json\/wp\/v2\/types\/product"}],"replies":[{"embeddable":true,"href":"https:\/\/mentta.fastdelivery.es\/index.php\/wp-json\/wp\/v2\/comments?post=247686"}],"wp:featuredmedia":[{"embeddable":true,"href":"https:\/\/mentta.fastdelivery.es\/index.php\/wp-json\/wp\/v2\/media\/246233"}],"wp:attachment":[{"href":"https:\/\/mentta.fastdelivery.es\/index.php\/wp-json\/wp\/v2\/media?parent=247686"}],"wp:term":[{"taxonomy":"product_brand","embeddable":true,"href":"https:\/\/mentta.fastdelivery.es\/index.php\/wp-json\/wp\/v2\/product_brand?post=247686"},{"taxonomy":"product_cat","embeddable":true,"href":"https:\/\/mentta.fastdelivery.es\/index.php\/wp-json\/wp\/v2\/product_cat?post=247686"},{"taxonomy":"product_tag","embeddable":true,"href":"https:\/\/mentta.fastdelivery.es\/index.php\/wp-json\/wp\/v2\/product_tag?post=247686"}],"curies":[{"name":"wp","href":"https:\/\/api.w.org\/{rel}","templated":true}]}}