{"id":247694,"date":"2022-11-17T05:02:10","date_gmt":"2022-11-17T04:02:10","guid":{"rendered":"https:\/\/mentta.fastdelivery.es\/?post_type=product&#038;p=247694"},"modified":"2026-03-10T17:23:45","modified_gmt":"2026-03-10T16:23:45","slug":"tomate-cherry-de-colores","status":"publish","type":"product","link":"https:\/\/mentta.fastdelivery.es\/index.php\/producto\/tomate-cherry-de-colores\/","title":{"rendered":"TOMATE CHERRY DE COLORES"},"content":{"rendered":"<p>Los tomates cherry son llamados as\u00ed por su peque\u00f1o tama\u00f1o ya que recuerda a las cerezas. Los hay de distintos colores, de piel fina y lisa son de sabor afrutado ideales para ensaladas y guarniciones.<\/p>\n","protected":false},"excerpt":{"rendered":"<p>Bandeja 250 gramos.<\/p>\n","protected":false},"featured_media":246241,"comment_status":"closed","ping_status":"closed","template":"","meta":[],"product_brand":[],"product_cat":[26,16],"product_tag":[],"class_list":{"0":"post-247694","1":"product","2":"type-product","3":"status-publish","4":"has-post-thumbnail","6":"product_cat-tomates","7":"product_cat-verduras-y-hortalizas","9":"first","10":"instock","11":"shipping-taxable","12":"purchasable","13":"product-type-simple"},"_links":{"self":[{"href":"https:\/\/mentta.fastdelivery.es\/index.php\/wp-json\/wp\/v2\/product\/247694","targetHints":{"allow":["GET"]}}],"collection":[{"href":"https:\/\/mentta.fastdelivery.es\/index.php\/wp-json\/wp\/v2\/product"}],"about":[{"href":"https:\/\/mentta.fastdelivery.es\/index.php\/wp-json\/wp\/v2\/types\/product"}],"replies":[{"embeddable":true,"href":"https:\/\/mentta.fastdelivery.es\/index.php\/wp-json\/wp\/v2\/comments?post=247694"}],"wp:featuredmedia":[{"embeddable":true,"href":"https:\/\/mentta.fastdelivery.es\/index.php\/wp-json\/wp\/v2\/media\/246241"}],"wp:attachment":[{"href":"https:\/\/mentta.fastdelivery.es\/index.php\/wp-json\/wp\/v2\/media?parent=247694"}],"wp:term":[{"taxonomy":"product_brand","embeddable":true,"href":"https:\/\/mentta.fastdelivery.es\/index.php\/wp-json\/wp\/v2\/product_brand?post=247694"},{"taxonomy":"product_cat","embeddable":true,"href":"https:\/\/mentta.fastdelivery.es\/index.php\/wp-json\/wp\/v2\/product_cat?post=247694"},{"taxonomy":"product_tag","embeddable":true,"href":"https:\/\/mentta.fastdelivery.es\/index.php\/wp-json\/wp\/v2\/product_tag?post=247694"}],"curies":[{"name":"wp","href":"https:\/\/api.w.org\/{rel}","templated":true}]}}