{"id":247705,"date":"2022-11-17T12:27:25","date_gmt":"2022-11-17T11:27:25","guid":{"rendered":"https:\/\/mentta.fastdelivery.es\/?post_type=product&#038;p=247705"},"modified":"2026-03-10T17:23:45","modified_gmt":"2026-03-10T16:23:45","slug":"jimaca","status":"publish","type":"product","link":"https:\/\/mentta.fastdelivery.es\/index.php\/producto\/jimaca\/","title":{"rendered":"JIMACA"},"content":{"rendered":"<p>La j\u00edcama o nabo mexicano es una planta leguminosa originaria parte de la familia de las legumbres, su origen es de Centroam\u00e9rica y M\u00e9xico. Se cultivad especialmente por sus ra\u00edces tuberosas, las cuales son comestibles. La palabra j\u00edcama proviene del n\u00e1huatl\u00a0<em>xicamatl<\/em>\u00a0que significa \u201cra\u00edz de agua\u201d err\u00f3neamente llamado fruto es m\u00e1s bien una ra\u00edz.<\/p>\n","protected":false},"excerpt":{"rendered":"<p>Precio por kilo.<\/p>\n","protected":false},"featured_media":246262,"comment_status":"closed","ping_status":"closed","template":"","meta":[],"product_brand":[],"product_cat":[36],"product_tag":[],"class_list":{"0":"post-247705","1":"product","2":"type-product","3":"status-publish","4":"has-post-thumbnail","6":"product_cat-mexico","8":"first","9":"instock","10":"shipping-taxable","11":"purchasable","12":"product-type-simple"},"_links":{"self":[{"href":"https:\/\/mentta.fastdelivery.es\/index.php\/wp-json\/wp\/v2\/product\/247705","targetHints":{"allow":["GET"]}}],"collection":[{"href":"https:\/\/mentta.fastdelivery.es\/index.php\/wp-json\/wp\/v2\/product"}],"about":[{"href":"https:\/\/mentta.fastdelivery.es\/index.php\/wp-json\/wp\/v2\/types\/product"}],"replies":[{"embeddable":true,"href":"https:\/\/mentta.fastdelivery.es\/index.php\/wp-json\/wp\/v2\/comments?post=247705"}],"wp:featuredmedia":[{"embeddable":true,"href":"https:\/\/mentta.fastdelivery.es\/index.php\/wp-json\/wp\/v2\/media\/246262"}],"wp:attachment":[{"href":"https:\/\/mentta.fastdelivery.es\/index.php\/wp-json\/wp\/v2\/media?parent=247705"}],"wp:term":[{"taxonomy":"product_brand","embeddable":true,"href":"https:\/\/mentta.fastdelivery.es\/index.php\/wp-json\/wp\/v2\/product_brand?post=247705"},{"taxonomy":"product_cat","embeddable":true,"href":"https:\/\/mentta.fastdelivery.es\/index.php\/wp-json\/wp\/v2\/product_cat?post=247705"},{"taxonomy":"product_tag","embeddable":true,"href":"https:\/\/mentta.fastdelivery.es\/index.php\/wp-json\/wp\/v2\/product_tag?post=247705"}],"curies":[{"name":"wp","href":"https:\/\/api.w.org\/{rel}","templated":true}]}}