{"id":247707,"date":"2022-11-17T12:36:51","date_gmt":"2022-11-17T11:36:51","guid":{"rendered":"https:\/\/mentta.fastdelivery.es\/?post_type=product&#038;p=247707"},"modified":"2026-03-10T17:23:45","modified_gmt":"2026-03-10T16:23:45","slug":"maguey","status":"publish","type":"product","link":"https:\/\/mentta.fastdelivery.es\/index.php\/producto\/maguey\/","title":{"rendered":"MAGUEY"},"content":{"rendered":"<p>El maguey o \u00e1gave es una planta con propiedades medicinales, puesto que se sabe acelera el proceso de cicatrizaci\u00f3n y ayuda quita la tos. El agua producida por el Maguey, aguamiel, sirve para la diabetes, baja los niveles de colesterol, mejora la circulaci\u00f3n, limpia los ri\u00f1ones y las v\u00edas urinarias.<\/p>\n","protected":false},"excerpt":{"rendered":"<p>Precio por kilo. Hojas de 40 m.<\/p>\n","protected":false},"featured_media":247708,"comment_status":"closed","ping_status":"closed","template":"","meta":[],"product_brand":[],"product_cat":[36],"product_tag":[],"class_list":{"0":"post-247707","1":"product","2":"type-product","3":"status-publish","4":"has-post-thumbnail","6":"product_cat-mexico","8":"first","9":"instock","10":"shipping-taxable","11":"purchasable","12":"product-type-simple"},"_links":{"self":[{"href":"https:\/\/mentta.fastdelivery.es\/index.php\/wp-json\/wp\/v2\/product\/247707","targetHints":{"allow":["GET"]}}],"collection":[{"href":"https:\/\/mentta.fastdelivery.es\/index.php\/wp-json\/wp\/v2\/product"}],"about":[{"href":"https:\/\/mentta.fastdelivery.es\/index.php\/wp-json\/wp\/v2\/types\/product"}],"replies":[{"embeddable":true,"href":"https:\/\/mentta.fastdelivery.es\/index.php\/wp-json\/wp\/v2\/comments?post=247707"}],"wp:featuredmedia":[{"embeddable":true,"href":"https:\/\/mentta.fastdelivery.es\/index.php\/wp-json\/wp\/v2\/media\/247708"}],"wp:attachment":[{"href":"https:\/\/mentta.fastdelivery.es\/index.php\/wp-json\/wp\/v2\/media?parent=247707"}],"wp:term":[{"taxonomy":"product_brand","embeddable":true,"href":"https:\/\/mentta.fastdelivery.es\/index.php\/wp-json\/wp\/v2\/product_brand?post=247707"},{"taxonomy":"product_cat","embeddable":true,"href":"https:\/\/mentta.fastdelivery.es\/index.php\/wp-json\/wp\/v2\/product_cat?post=247707"},{"taxonomy":"product_tag","embeddable":true,"href":"https:\/\/mentta.fastdelivery.es\/index.php\/wp-json\/wp\/v2\/product_tag?post=247707"}],"curies":[{"name":"wp","href":"https:\/\/api.w.org\/{rel}","templated":true}]}}