{"id":247714,"date":"2022-11-21T08:54:08","date_gmt":"2022-11-21T07:54:08","guid":{"rendered":"https:\/\/mentta.fastdelivery.es\/?post_type=product&#038;p=247714"},"modified":"2026-03-10T17:23:45","modified_gmt":"2026-03-10T16:23:45","slug":"azafran-d-o-de-la-mancha-karkom-1gr","status":"publish","type":"product","link":"https:\/\/mentta.fastdelivery.es\/index.php\/producto\/azafran-d-o-de-la-mancha-karkom-1gr\/","title":{"rendered":"AZAFRAN D.O. DE LA MANCHA KARKOM"},"content":{"rendered":"<p>Considerado el mejor azafr\u00e1n del mundo por sus caracter\u00edsticas \u00fanicas, tiene un elevado poder colorante, aroma intenso, fuerte y ex\u00f3tico y un ligero sabor amargo.<\/p>\n<p>Se cultiva \u00fanicamente en la regi\u00f3n de castilla la mancha.<\/p>\n","protected":false},"excerpt":{"rendered":"<p>Tarrina 1 gramo.<\/p>\n","protected":false},"featured_media":246272,"comment_status":"closed","ping_status":"closed","template":"","meta":[],"product_brand":[],"product_cat":[35],"product_tag":[],"class_list":{"0":"post-247714","1":"product","2":"type-product","3":"status-publish","4":"has-post-thumbnail","6":"product_cat-gourmet","8":"first","9":"instock","10":"shipping-taxable","11":"purchasable","12":"product-type-simple"},"_links":{"self":[{"href":"https:\/\/mentta.fastdelivery.es\/index.php\/wp-json\/wp\/v2\/product\/247714","targetHints":{"allow":["GET"]}}],"collection":[{"href":"https:\/\/mentta.fastdelivery.es\/index.php\/wp-json\/wp\/v2\/product"}],"about":[{"href":"https:\/\/mentta.fastdelivery.es\/index.php\/wp-json\/wp\/v2\/types\/product"}],"replies":[{"embeddable":true,"href":"https:\/\/mentta.fastdelivery.es\/index.php\/wp-json\/wp\/v2\/comments?post=247714"}],"wp:featuredmedia":[{"embeddable":true,"href":"https:\/\/mentta.fastdelivery.es\/index.php\/wp-json\/wp\/v2\/media\/246272"}],"wp:attachment":[{"href":"https:\/\/mentta.fastdelivery.es\/index.php\/wp-json\/wp\/v2\/media?parent=247714"}],"wp:term":[{"taxonomy":"product_brand","embeddable":true,"href":"https:\/\/mentta.fastdelivery.es\/index.php\/wp-json\/wp\/v2\/product_brand?post=247714"},{"taxonomy":"product_cat","embeddable":true,"href":"https:\/\/mentta.fastdelivery.es\/index.php\/wp-json\/wp\/v2\/product_cat?post=247714"},{"taxonomy":"product_tag","embeddable":true,"href":"https:\/\/mentta.fastdelivery.es\/index.php\/wp-json\/wp\/v2\/product_tag?post=247714"}],"curies":[{"name":"wp","href":"https:\/\/api.w.org\/{rel}","templated":true}]}}