{"id":247754,"date":"2023-06-07T08:04:51","date_gmt":"2023-06-07T06:04:51","guid":{"rendered":"https:\/\/mentta.fastdelivery.es\/?post_type=product&#038;p=247754"},"modified":"2026-03-10T17:19:51","modified_gmt":"2026-03-10T16:19:51","slug":"tomate-ox","status":"publish","type":"product","link":"https:\/\/mentta.fastdelivery.es\/index.php\/producto\/tomate-ox\/","title":{"rendered":"Tomate coraz\u00f3n de buey"},"content":{"rendered":"<p>Considerado el mejor tomate del mundo seg\u00fan el chef Jos\u00e9 Andr\u00e9s. Es una variedad de tomate que se caracteriza por tener un color rojo intenso y una forma redonda y ligeramente achatada. Es conocido por su tama\u00f1o grande y su sabor dulce y jugoso. La piel es suave y brillante, y su textura es firme pero jugosa al mismo tiempo. La pulpa es densa y tiene una gran cantidad de jugo, lo que lo hace ideal para su uso en ensaladas, salsas y jugos. Tambi\u00e9n es apreciado por su contenido nutricional. Es una excelente fuente de vitamina C, vitamina A.<\/p>\n","protected":false},"excerpt":{"rendered":"<p>Precio por kilo.<\/p>\n","protected":false},"featured_media":0,"comment_status":"closed","ping_status":"closed","template":"","meta":[],"product_brand":[],"product_cat":[26,16],"product_tag":[],"class_list":{"0":"post-247754","1":"product","2":"type-product","3":"status-publish","5":"product_cat-tomates","6":"product_cat-verduras-y-hortalizas","8":"first","9":"instock","10":"shipping-taxable","11":"purchasable","12":"product-type-simple"},"_links":{"self":[{"href":"https:\/\/mentta.fastdelivery.es\/index.php\/wp-json\/wp\/v2\/product\/247754","targetHints":{"allow":["GET"]}}],"collection":[{"href":"https:\/\/mentta.fastdelivery.es\/index.php\/wp-json\/wp\/v2\/product"}],"about":[{"href":"https:\/\/mentta.fastdelivery.es\/index.php\/wp-json\/wp\/v2\/types\/product"}],"replies":[{"embeddable":true,"href":"https:\/\/mentta.fastdelivery.es\/index.php\/wp-json\/wp\/v2\/comments?post=247754"}],"wp:attachment":[{"href":"https:\/\/mentta.fastdelivery.es\/index.php\/wp-json\/wp\/v2\/media?parent=247754"}],"wp:term":[{"taxonomy":"product_brand","embeddable":true,"href":"https:\/\/mentta.fastdelivery.es\/index.php\/wp-json\/wp\/v2\/product_brand?post=247754"},{"taxonomy":"product_cat","embeddable":true,"href":"https:\/\/mentta.fastdelivery.es\/index.php\/wp-json\/wp\/v2\/product_cat?post=247754"},{"taxonomy":"product_tag","embeddable":true,"href":"https:\/\/mentta.fastdelivery.es\/index.php\/wp-json\/wp\/v2\/product_tag?post=247754"}],"curies":[{"name":"wp","href":"https:\/\/api.w.org\/{rel}","templated":true}]}}