{"id":247761,"date":"2023-06-08T08:20:06","date_gmt":"2023-06-08T06:20:06","guid":{"rendered":"https:\/\/mentta.fastdelivery.es\/?post_type=product&#038;p=247761"},"modified":"2026-03-10T17:19:51","modified_gmt":"2026-03-10T16:19:51","slug":"cerveza-mahou-botellin-250-ml-pack-24-unidades","status":"publish","type":"product","link":"https:\/\/mentta.fastdelivery.es\/index.php\/producto\/cerveza-mahou-botellin-250-ml-pack-24-unidades\/","title":{"rendered":"CERVEZA MAHOU BOTELLIN 250 ML. PACK 24 UNIDADES."},"content":{"rendered":"<p><strong>Mahou 00 Tostada Botell\u00edn 250 ml<\/strong>:<\/p>\n<ul>\n<li><strong>Calor\u00edas<\/strong>: 74 kcal<\/li>\n<li><strong>Carbohidratos<\/strong>: 17 g<\/li>\n<li><strong>Prote\u00ednas<\/strong>: 0.6 g<\/li>\n<li><strong>Alcohol<\/strong>: 0.0% vol.<\/li>\n<\/ul>\n<p><strong>Al\u00e9rgenos<\/strong>: Contiene gluten (derivado de la cebada). Al ser una cerveza sin alcohol, no hay aditivos adicionales que puedan actuar como al\u00e9rgenos.<\/p>\n<p>Origen Espa\u00f1a<\/p>\n<p>Precio por pack de 24 unidades no retornables.<\/p>\n","protected":false},"excerpt":{"rendered":"<p>Mahou 00 Tostada Botell\u00edn 250 ml: Calor\u00edas: 74 kcal Carbohidratos: 17 g Prote\u00ednas: 0.6 g Alcohol: 0.0% vol. Al\u00e9rgenos: Contiene gluten (derivado de la cebada). Al ser una cerveza sin alcohol, no hay aditivos adicionales que puedan actuar como al\u00e9rgenos. Origen Espa\u00f1a Precio por pack de 24 unidades no retornables.<\/p>\n","protected":false},"featured_media":247256,"comment_status":"closed","ping_status":"closed","template":"","meta":[],"product_brand":[],"product_cat":[42,45],"product_tag":[],"class_list":{"0":"post-247761","1":"product","2":"type-product","3":"status-publish","4":"has-post-thumbnail","6":"product_cat-bebidas-y-lacteos","7":"product_cat-cervezas-y-refrescos","9":"first","10":"instock","11":"shipping-taxable","12":"purchasable","13":"product-type-simple"},"_links":{"self":[{"href":"https:\/\/mentta.fastdelivery.es\/index.php\/wp-json\/wp\/v2\/product\/247761","targetHints":{"allow":["GET"]}}],"collection":[{"href":"https:\/\/mentta.fastdelivery.es\/index.php\/wp-json\/wp\/v2\/product"}],"about":[{"href":"https:\/\/mentta.fastdelivery.es\/index.php\/wp-json\/wp\/v2\/types\/product"}],"replies":[{"embeddable":true,"href":"https:\/\/mentta.fastdelivery.es\/index.php\/wp-json\/wp\/v2\/comments?post=247761"}],"wp:featuredmedia":[{"embeddable":true,"href":"https:\/\/mentta.fastdelivery.es\/index.php\/wp-json\/wp\/v2\/media\/247256"}],"wp:attachment":[{"href":"https:\/\/mentta.fastdelivery.es\/index.php\/wp-json\/wp\/v2\/media?parent=247761"}],"wp:term":[{"taxonomy":"product_brand","embeddable":true,"href":"https:\/\/mentta.fastdelivery.es\/index.php\/wp-json\/wp\/v2\/product_brand?post=247761"},{"taxonomy":"product_cat","embeddable":true,"href":"https:\/\/mentta.fastdelivery.es\/index.php\/wp-json\/wp\/v2\/product_cat?post=247761"},{"taxonomy":"product_tag","embeddable":true,"href":"https:\/\/mentta.fastdelivery.es\/index.php\/wp-json\/wp\/v2\/product_tag?post=247761"}],"curies":[{"name":"wp","href":"https:\/\/api.w.org\/{rel}","templated":true}]}}