{"id":247868,"date":"2023-10-25T06:53:13","date_gmt":"2023-10-25T04:53:13","guid":{"rendered":"https:\/\/mentta.fastdelivery.es\/?post_type=product&#038;p=247868"},"modified":"2026-03-10T17:19:49","modified_gmt":"2026-03-10T16:19:49","slug":"cesta-citricos","status":"publish","type":"product","link":"https:\/\/mentta.fastdelivery.es\/index.php\/producto\/cesta-citricos\/","title":{"rendered":"CESTA CITRICOS"},"content":{"rendered":"<p>La cesta de c\u00edtricos es un aut\u00e9ntico tesoro de la naturaleza, rebosante de frescura y vitalidad. Esta exquisita colecci\u00f3n de frutas c\u00edtricas deslumbra con una paleta de colores vibrantes y aromas c\u00edtricos que llenan el aire.<\/p>\n<p>Encontrar\u00e1s una variedad de c\u00edtricos, como jugosas naranjas, limones resplandecientes y pomelos que aportan un toque de amargura. Cada una de estas frutas ofrece una experiencia \u00fanica al paladar, desde la dulzura de las naranjas hasta la chispeante acidez del lim\u00f3n.<\/p>\n<p>Estas frutas c\u00edtricas no solo son deliciosas, sino que tambi\u00e9n est\u00e1n llenas de beneficios para la salud, cargadas de vitamina C y otros nutrientes esenciales. Son un regalo de la naturaleza que aporta energ\u00eda y vitalidad a tu d\u00eda.<\/p>\n<p>Compuesta por:<\/p>\n<ul>\n<li>5 kilos naranja zumo.<\/li>\n<li>1 kilo pomelo.<\/li>\n<li>2 kilos mandarina.<\/li>\n<li>1 kilo naranja mesa.<\/li>\n<li>1 kilo lim\u00f3n.<\/li>\n<\/ul>\n<p>Como los productos var\u00edan, puede que la foto no refleje el contenido real de la cesta.<\/p>\n<p>Con este tipo de caja queremos ofrecerle una manera f\u00e1cil de realizar sus pedidos, r\u00e1pida y c\u00f3modamente.<\/p>\n<p>Si tiene alguna sugerencia respecto a alg\u00fan tipo de caja que desear\u00eda que tengamos disponible, utilice el formulario de contacto y realice su comentario. Estaremos encantados de poder mejorar nuestras cestas.<\/p>\n<p>La imagen no corresponde con la cesta real.<\/p>\n","protected":false},"excerpt":{"rendered":"<p>Precio por unidad.<\/p>\n","protected":false},"featured_media":246540,"comment_status":"open","ping_status":"closed","template":"","meta":[],"product_brand":[],"product_cat":[20],"product_tag":[],"class_list":{"0":"post-247868","1":"product","2":"type-product","3":"status-publish","4":"has-post-thumbnail","6":"product_cat-cestas","8":"first","9":"instock","10":"shipping-taxable","11":"purchasable","12":"product-type-simple"},"_links":{"self":[{"href":"https:\/\/mentta.fastdelivery.es\/index.php\/wp-json\/wp\/v2\/product\/247868","targetHints":{"allow":["GET"]}}],"collection":[{"href":"https:\/\/mentta.fastdelivery.es\/index.php\/wp-json\/wp\/v2\/product"}],"about":[{"href":"https:\/\/mentta.fastdelivery.es\/index.php\/wp-json\/wp\/v2\/types\/product"}],"replies":[{"embeddable":true,"href":"https:\/\/mentta.fastdelivery.es\/index.php\/wp-json\/wp\/v2\/comments?post=247868"}],"wp:featuredmedia":[{"embeddable":true,"href":"https:\/\/mentta.fastdelivery.es\/index.php\/wp-json\/wp\/v2\/media\/246540"}],"wp:attachment":[{"href":"https:\/\/mentta.fastdelivery.es\/index.php\/wp-json\/wp\/v2\/media?parent=247868"}],"wp:term":[{"taxonomy":"product_brand","embeddable":true,"href":"https:\/\/mentta.fastdelivery.es\/index.php\/wp-json\/wp\/v2\/product_brand?post=247868"},{"taxonomy":"product_cat","embeddable":true,"href":"https:\/\/mentta.fastdelivery.es\/index.php\/wp-json\/wp\/v2\/product_cat?post=247868"},{"taxonomy":"product_tag","embeddable":true,"href":"https:\/\/mentta.fastdelivery.es\/index.php\/wp-json\/wp\/v2\/product_tag?post=247868"}],"curies":[{"name":"wp","href":"https:\/\/api.w.org\/{rel}","templated":true}]}}