{"id":247871,"date":"2024-04-18T07:22:59","date_gmt":"2024-04-18T05:22:59","guid":{"rendered":"https:\/\/mentta.fastdelivery.es\/?post_type=product&#038;p=247871"},"modified":"2026-03-10T17:19:49","modified_gmt":"2026-03-10T16:19:49","slug":"melatonina-vegetal-18-mg-60-capsulas","status":"publish","type":"product","link":"https:\/\/mentta.fastdelivery.es\/index.php\/producto\/melatonina-vegetal-18-mg-60-capsulas\/","title":{"rendered":"Melatonina vegetal 1,8 mg (60 c\u00e1psulas)"},"content":{"rendered":"<p>Complemento alimenticio elaborado a base de Especies Vegetales y Melatonina.<\/p>\n<p>FELICES SUE\u00d1OS. Tomar 1 mg de Melatonina antes de irse a dormir contribuye a disminuir el tiempo necesario para conciliar el sue\u00f1o.<\/p>\n<p><strong>PRESENTACI\u00d3N<\/strong><\/p>\n<p>60 c\u00e1psulas vegetales.<\/p>\n<p><strong>INGREDIENTES<\/strong><\/p>\n<p>Por c\u00e1psula: Amapola californiana extracto seco (<i>Eschscholzia californica Cham<\/i>, partes a\u00e9reas): 117 mg, Pasiflora extracto seco (<i>Passiflora incarnata L.<\/i>, partes a\u00e9reas): 117 mg, Melisa extracto seco (<i>Melissa officinalis L.<\/i>, hoja): 36 mg, Tila extracto seco (<i>Tilia platyphyllos Scop. et Cordata Mill<\/i>, flores): 18 mg, Valeriana extracto seco (<i>Valeriana officinalis L. Repens<\/i>, ra\u00edz): 12 mg, Melatonina polvo: 1,8 mg.<\/p>\n<p><strong>TABLA INGREDIENTES<\/strong><\/p>\n<p><b>Cantidad por d\u00eda (1 c\u00e1psula):<\/b><b>\u00a0<\/b>Amapola californiana (117 mg), Pasiflora (117 mg), Melisa (36 mg), Tila (18 mg), Valeriana (12 mg), Melatonina (1,8 mg).<\/p>\n<p><strong>MODO DE EMPLEO<\/strong><\/p>\n<p>Tomar 1 c\u00e1psula 20 minutos antes de acostarse.<\/p>\n<p><strong>CONTRAINDICACIONES<\/strong><\/p>\n<p>No recomendado en embarazo ni lactancia. No recomendado en embarazo y lactancia. En menores de 12 a\u00f1os consultar con un especialista antes de consumir el producto.<\/p>\n<p><strong>PRECAUCIONES<\/strong><\/p>\n<p>&#8211;<\/p>\n<p><strong>AL\u00c9RGENOS<\/strong><\/p>\n<p>Sin gluten, vegano.<\/p>\n","protected":false},"excerpt":{"rendered":"<p>Complemento alimenticio elaborado a base de Especies Vegetales y Melatonina. FELICES SUE\u00d1OS. Tomar 1 mg de Melatonina antes de irse a dormir contribuye a disminuir el tiempo necesario para conciliar el sue\u00f1o. PRESENTACI\u00d3N 60 c\u00e1psulas vegetales. INGREDIENTES Por c\u00e1psula: Amapola californiana extracto seco (Eschscholzia californica Cham, partes a\u00e9reas): 117 mg, Pasiflora extracto seco (Passiflora incarnata [&hellip;]<\/p>\n","protected":false},"featured_media":247872,"comment_status":"closed","ping_status":"closed","template":"","meta":[],"product_brand":[],"product_cat":[40],"product_tag":[],"class_list":{"0":"post-247871","1":"product","2":"type-product","3":"status-publish","4":"has-post-thumbnail","6":"product_cat-dietetica-adelganzantes","8":"first","9":"instock","10":"shipping-taxable","11":"purchasable","12":"product-type-simple"},"_links":{"self":[{"href":"https:\/\/mentta.fastdelivery.es\/index.php\/wp-json\/wp\/v2\/product\/247871","targetHints":{"allow":["GET"]}}],"collection":[{"href":"https:\/\/mentta.fastdelivery.es\/index.php\/wp-json\/wp\/v2\/product"}],"about":[{"href":"https:\/\/mentta.fastdelivery.es\/index.php\/wp-json\/wp\/v2\/types\/product"}],"replies":[{"embeddable":true,"href":"https:\/\/mentta.fastdelivery.es\/index.php\/wp-json\/wp\/v2\/comments?post=247871"}],"wp:featuredmedia":[{"embeddable":true,"href":"https:\/\/mentta.fastdelivery.es\/index.php\/wp-json\/wp\/v2\/media\/247872"}],"wp:attachment":[{"href":"https:\/\/mentta.fastdelivery.es\/index.php\/wp-json\/wp\/v2\/media?parent=247871"}],"wp:term":[{"taxonomy":"product_brand","embeddable":true,"href":"https:\/\/mentta.fastdelivery.es\/index.php\/wp-json\/wp\/v2\/product_brand?post=247871"},{"taxonomy":"product_cat","embeddable":true,"href":"https:\/\/mentta.fastdelivery.es\/index.php\/wp-json\/wp\/v2\/product_cat?post=247871"},{"taxonomy":"product_tag","embeddable":true,"href":"https:\/\/mentta.fastdelivery.es\/index.php\/wp-json\/wp\/v2\/product_tag?post=247871"}],"curies":[{"name":"wp","href":"https:\/\/api.w.org\/{rel}","templated":true}]}}