{"id":247873,"date":"2024-04-23T16:01:14","date_gmt":"2024-04-23T14:01:14","guid":{"rendered":"https:\/\/mentta.fastdelivery.es\/?post_type=product&#038;p=247873"},"modified":"2026-03-10T17:19:49","modified_gmt":"2026-03-10T16:19:49","slug":"colageno-premium-hidrolizado-360-gr-zentrum","status":"publish","type":"product","link":"https:\/\/mentta.fastdelivery.es\/index.php\/producto\/colageno-premium-hidrolizado-360-gr-zentrum\/","title":{"rendered":"Col\u00e1geno premium hidrolizado 360 gr. Zentrum"},"content":{"rendered":"<p>SALUD \u00d3SEO ARTICULAR. La Vitamina C ayuda a la formaci\u00f3n del col\u00e1geno que contribuye al funcionamiento normal de cart\u00edlagos y huesos. El Magnesio contribuye al funcionamiento de los m\u00fasculos y al mantenimiento de nuestros huesos en condiciones normales.<\/p>\n<p><strong>PRESENTACI\u00d3N<\/strong><\/p>\n<p>Bote de 360 g<\/p>\n<p><strong>INGREDIENTES<\/strong><\/p>\n<p><strong>Por 360 g:<\/strong>\u00a0Col\u00e1geno hidrolizado: 300 g, Magnesio (Carbonato de magnesio): 19,38 g, Glucosamina vegetal (Glucosamina HCl): 15 g, Aroma natural (lim\u00f3n), Vitamina C (Ascorbato s\u00f3dico): 1,08 g, Hialuronato s\u00f3dico: 750 mg, Edulcorante (Sucralosa y Gluc\u00f3sidos de esteviol), maltodextrina.<\/p>\n<p><strong>TABLA INGREDIENTES<\/strong><\/p>\n<p><b>Cantidad por d\u00eda (12 g):<\/b><b>\u00a0<\/b>Col\u00e1geno hidrolizado (10 g), Magnesio (162 mg), Glucosamina HCl vegetal (500 mg), Vitamina C (32 mg), Hialuronato s\u00f3dico (25 mg).<\/p>\n<p><strong>MODO DE EMPLEO<\/strong><\/p>\n<p>Tomar 12 g (aproximadamente 1 cucharada sopera) al d\u00eda en un vaso de agua o zumo (200 ml). Disolver poco a poco a medida que se va a\u00f1adiendo agua o, en caso de tener, utilizar un vaso mezclador para agitar.<\/p>\n<p><strong>CONTRAINDICACIONES<\/strong><\/p>\n<p>No debe ser consumido por mujeres embarazadas o en periodo de lactancia, ni por ni\u00f1os ni por adolescentes.<\/p>\n<p><strong>PRECAUCIONES<\/strong><\/p>\n<p>&#8211;<\/p>\n<p><strong>AL\u00c9RGENOS<\/strong><\/p>\n<p>Sin gluten.<\/p>\n","protected":false},"excerpt":{"rendered":"<p>SALUD \u00d3SEO ARTICULAR. La Vitamina C ayuda a la formaci\u00f3n del col\u00e1geno que contribuye al funcionamiento normal de cart\u00edlagos y huesos. El Magnesio contribuye al funcionamiento de los m\u00fasculos y al mantenimiento de nuestros huesos en condiciones normales. PRESENTACI\u00d3N Bote de 360 g INGREDIENTES Por 360 g:\u00a0Col\u00e1geno hidrolizado: 300 g, Magnesio (Carbonato de magnesio): 19,38 [&hellip;]<\/p>\n","protected":false},"featured_media":246546,"comment_status":"closed","ping_status":"closed","template":"","meta":[],"product_brand":[],"product_cat":[40],"product_tag":[],"class_list":{"0":"post-247873","1":"product","2":"type-product","3":"status-publish","4":"has-post-thumbnail","6":"product_cat-dietetica-adelganzantes","8":"first","9":"instock","10":"shipping-taxable","11":"purchasable","12":"product-type-simple"},"_links":{"self":[{"href":"https:\/\/mentta.fastdelivery.es\/index.php\/wp-json\/wp\/v2\/product\/247873","targetHints":{"allow":["GET"]}}],"collection":[{"href":"https:\/\/mentta.fastdelivery.es\/index.php\/wp-json\/wp\/v2\/product"}],"about":[{"href":"https:\/\/mentta.fastdelivery.es\/index.php\/wp-json\/wp\/v2\/types\/product"}],"replies":[{"embeddable":true,"href":"https:\/\/mentta.fastdelivery.es\/index.php\/wp-json\/wp\/v2\/comments?post=247873"}],"wp:featuredmedia":[{"embeddable":true,"href":"https:\/\/mentta.fastdelivery.es\/index.php\/wp-json\/wp\/v2\/media\/246546"}],"wp:attachment":[{"href":"https:\/\/mentta.fastdelivery.es\/index.php\/wp-json\/wp\/v2\/media?parent=247873"}],"wp:term":[{"taxonomy":"product_brand","embeddable":true,"href":"https:\/\/mentta.fastdelivery.es\/index.php\/wp-json\/wp\/v2\/product_brand?post=247873"},{"taxonomy":"product_cat","embeddable":true,"href":"https:\/\/mentta.fastdelivery.es\/index.php\/wp-json\/wp\/v2\/product_cat?post=247873"},{"taxonomy":"product_tag","embeddable":true,"href":"https:\/\/mentta.fastdelivery.es\/index.php\/wp-json\/wp\/v2\/product_tag?post=247873"}],"curies":[{"name":"wp","href":"https:\/\/api.w.org\/{rel}","templated":true}]}}