{"id":247877,"date":"2024-04-25T10:10:00","date_gmt":"2024-04-25T08:10:00","guid":{"rendered":"https:\/\/mentta.fastdelivery.es\/?post_type=product&#038;p=247877"},"modified":"2026-03-10T17:19:49","modified_gmt":"2026-03-10T16:19:49","slug":"magnesio-vitamina-b6-60-comprimidos","status":"publish","type":"product","link":"https:\/\/mentta.fastdelivery.es\/index.php\/producto\/magnesio-vitamina-b6-60-comprimidos\/","title":{"rendered":"Magn\u00e9sio + Vitam\u00edna B6 (60 comprimidos)"},"content":{"rendered":"<p><strong>PRESENTACI\u00d3N<\/strong><\/p>\n<p>60 comprimidos.<\/p>\n<p><strong>INGREDIENTES<\/strong><\/p>\n<p><strong>Por comprimido:<\/strong>\u00a0Magnesio (Oxido de Magnesio), Magnesio (Bisglicinato de Magnesio), Vitamina B6 (Clorhidrato de Piridoxina).<\/p>\n<p><strong>TABLA INGREDIENTES<\/strong><\/p>\n<p><b>Cantidad por d\u00eda (2 comprimidos):<\/b><b>\u00a0<\/b>Magnesio (249 mg), Vitamina B6 (1,6 mg).<\/p>\n<p><strong>MODO DE EMPLEO<\/strong><\/p>\n<p>Tomar 2 comprimidos al d\u00eda, 1 comprimido en el desayuno, y otro en la comida.<\/p>\n<p><strong>CONTRAINDICACIONES<\/strong><\/p>\n<p>&#8211;<\/p>\n<p><strong>PRECAUCIONES<\/strong><\/p>\n<p>&#8211;<\/p>\n<p><strong>AL\u00c9RGENOS<\/strong><\/p>\n<p>Sin gluten, vegano.<\/p>\n","protected":false},"excerpt":{"rendered":"<p>PRESENTACI\u00d3N 60 comprimidos. INGREDIENTES Por comprimido:\u00a0Magnesio (Oxido de Magnesio), Magnesio (Bisglicinato de Magnesio), Vitamina B6 (Clorhidrato de Piridoxina). TABLA INGREDIENTES Cantidad por d\u00eda (2 comprimidos):\u00a0Magnesio (249 mg), Vitamina B6 (1,6 mg). MODO DE EMPLEO Tomar 2 comprimidos al d\u00eda, 1 comprimido en el desayuno, y otro en la comida. CONTRAINDICACIONES &#8211; PRECAUCIONES &#8211; AL\u00c9RGENOS Sin [&hellip;]<\/p>\n","protected":false},"featured_media":246554,"comment_status":"closed","ping_status":"closed","template":"","meta":[],"product_brand":[],"product_cat":[40],"product_tag":[],"class_list":{"0":"post-247877","1":"product","2":"type-product","3":"status-publish","4":"has-post-thumbnail","6":"product_cat-dietetica-adelganzantes","8":"first","9":"instock","10":"shipping-taxable","11":"purchasable","12":"product-type-simple"},"_links":{"self":[{"href":"https:\/\/mentta.fastdelivery.es\/index.php\/wp-json\/wp\/v2\/product\/247877","targetHints":{"allow":["GET"]}}],"collection":[{"href":"https:\/\/mentta.fastdelivery.es\/index.php\/wp-json\/wp\/v2\/product"}],"about":[{"href":"https:\/\/mentta.fastdelivery.es\/index.php\/wp-json\/wp\/v2\/types\/product"}],"replies":[{"embeddable":true,"href":"https:\/\/mentta.fastdelivery.es\/index.php\/wp-json\/wp\/v2\/comments?post=247877"}],"wp:featuredmedia":[{"embeddable":true,"href":"https:\/\/mentta.fastdelivery.es\/index.php\/wp-json\/wp\/v2\/media\/246554"}],"wp:attachment":[{"href":"https:\/\/mentta.fastdelivery.es\/index.php\/wp-json\/wp\/v2\/media?parent=247877"}],"wp:term":[{"taxonomy":"product_brand","embeddable":true,"href":"https:\/\/mentta.fastdelivery.es\/index.php\/wp-json\/wp\/v2\/product_brand?post=247877"},{"taxonomy":"product_cat","embeddable":true,"href":"https:\/\/mentta.fastdelivery.es\/index.php\/wp-json\/wp\/v2\/product_cat?post=247877"},{"taxonomy":"product_tag","embeddable":true,"href":"https:\/\/mentta.fastdelivery.es\/index.php\/wp-json\/wp\/v2\/product_tag?post=247877"}],"curies":[{"name":"wp","href":"https:\/\/api.w.org\/{rel}","templated":true}]}}