{"id":247878,"date":"2024-04-25T11:31:32","date_gmt":"2024-04-25T09:31:32","guid":{"rendered":"https:\/\/mentta.fastdelivery.es\/?post_type=product&#038;p=247878"},"modified":"2026-03-10T17:19:49","modified_gmt":"2026-03-10T16:19:49","slug":"sense-vigor-30-capsulas","status":"publish","type":"product","link":"https:\/\/mentta.fastdelivery.es\/index.php\/producto\/sense-vigor-30-capsulas\/","title":{"rendered":"Sense vigor (30 c\u00e1psulas)"},"content":{"rendered":"<p>FUNCI\u00d3N SEXUAL MASCULINA. La Ashwagandha ayuda a la funci\u00f3n sexual masculina. El Zinc contribuye a la fertilidad y reproducci\u00f3n normal y al mantenimiento de niveles normales de testosterona.<\/p>\n<p><strong>PRESENTACI\u00d3N<\/strong><\/p>\n<p>30 c\u00e1psulas.<\/p>\n<p><strong>INGREDIENTES<\/strong><\/p>\n<p>Enostim\u2122 (<b>sulfitos<\/b>) [mezcla de extractos de uva (Vitis vinifera, fruto), manzana (Malus pumila, fruto) y azafr\u00e1n (Crocus sativus, estigma)], L-Arginina base, Ashwagandha extracto seco (Withania somn\u00edfera, ra\u00edz), Tribulus extracto seco (Tribulus terrestris L., fruto), Zinc (\u00d3xido de Zinc).<\/p>\n<p><strong>TABLA INGREDIENTES<\/strong><\/p>\n<p><b>Cantidad por d\u00eda:<\/b><b>\u00a0<\/b>Enostim\u2122 (300 mg), L- Arginina Base (100 mg), Ashwagandha extracto seco (100 mg), Tribulus extracto seco (65 mg), Zinc (10 mg).<\/p>\n<p><strong>MODO DE EMPLEO<\/strong><\/p>\n<p>Tomar 1 c\u00e1psula al d\u00eda antes de acostarse.<\/p>\n<p><strong>CONTRAINDICACIONES<\/strong><\/p>\n<p>No recomendado durante embarazo, lactancia ni menores de 12 a\u00f1os.<\/p>\n<p><strong>PRECAUCIONES<\/strong><\/p>\n<p><b>&#8211;<\/b><\/p>\n<p><strong>AL\u00c9RGENOS<\/strong><\/p>\n<p>Con sulfitos, vegano.<\/p>\n","protected":false},"excerpt":{"rendered":"<p>FUNCI\u00d3N SEXUAL MASCULINA. La Ashwagandha ayuda a la funci\u00f3n sexual masculina. El Zinc contribuye a la fertilidad y reproducci\u00f3n normal y al mantenimiento de niveles normales de testosterona. PRESENTACI\u00d3N 30 c\u00e1psulas. INGREDIENTES Enostim\u2122 (sulfitos) [mezcla de extractos de uva (Vitis vinifera, fruto), manzana (Malus pumila, fruto) y azafr\u00e1n (Crocus sativus, estigma)], L-Arginina base, Ashwagandha extracto [&hellip;]<\/p>\n","protected":false},"featured_media":246556,"comment_status":"closed","ping_status":"closed","template":"","meta":[],"product_brand":[],"product_cat":[40],"product_tag":[],"class_list":{"0":"post-247878","1":"product","2":"type-product","3":"status-publish","4":"has-post-thumbnail","6":"product_cat-dietetica-adelganzantes","8":"first","9":"instock","10":"shipping-taxable","11":"purchasable","12":"product-type-simple"},"_links":{"self":[{"href":"https:\/\/mentta.fastdelivery.es\/index.php\/wp-json\/wp\/v2\/product\/247878","targetHints":{"allow":["GET"]}}],"collection":[{"href":"https:\/\/mentta.fastdelivery.es\/index.php\/wp-json\/wp\/v2\/product"}],"about":[{"href":"https:\/\/mentta.fastdelivery.es\/index.php\/wp-json\/wp\/v2\/types\/product"}],"replies":[{"embeddable":true,"href":"https:\/\/mentta.fastdelivery.es\/index.php\/wp-json\/wp\/v2\/comments?post=247878"}],"wp:featuredmedia":[{"embeddable":true,"href":"https:\/\/mentta.fastdelivery.es\/index.php\/wp-json\/wp\/v2\/media\/246556"}],"wp:attachment":[{"href":"https:\/\/mentta.fastdelivery.es\/index.php\/wp-json\/wp\/v2\/media?parent=247878"}],"wp:term":[{"taxonomy":"product_brand","embeddable":true,"href":"https:\/\/mentta.fastdelivery.es\/index.php\/wp-json\/wp\/v2\/product_brand?post=247878"},{"taxonomy":"product_cat","embeddable":true,"href":"https:\/\/mentta.fastdelivery.es\/index.php\/wp-json\/wp\/v2\/product_cat?post=247878"},{"taxonomy":"product_tag","embeddable":true,"href":"https:\/\/mentta.fastdelivery.es\/index.php\/wp-json\/wp\/v2\/product_tag?post=247878"}],"curies":[{"name":"wp","href":"https:\/\/api.w.org\/{rel}","templated":true}]}}