{"id":247879,"date":"2024-04-25T11:32:37","date_gmt":"2024-04-25T09:32:37","guid":{"rendered":"https:\/\/mentta.fastdelivery.es\/?post_type=product&#038;p=247879"},"modified":"2026-03-10T17:19:49","modified_gmt":"2026-03-10T16:19:49","slug":"jarabe-de-pino-250-ml","status":"publish","type":"product","link":"https:\/\/mentta.fastdelivery.es\/index.php\/producto\/jarabe-de-pino-250-ml\/","title":{"rendered":"Jarabe de pino 250 ml"},"content":{"rendered":"<p>BUENO PARA TUS DEFENSAS. La Equin\u00e1cea, el Sa\u00faco, la Vitamina C, el Cobre y el Zinc ayudan al funcionamiento normal de nuestras defensas. Las Yemas de Pino y el Tomillo contribuyen al \u00f3ptimo funcionamiento de nuestro sistema respiratorio.<\/p>\n<p><strong>PRESENTACI\u00d3N<\/strong><\/p>\n<p>250 mL<\/p>\n<p><strong>INGREDIENTES<\/strong><\/p>\n<p>Mezcla de extractos concentrados [Algarrobo (<i>Ceratonia siliqua<\/i>, vaina) y Manzana (<i>Malus domestica<\/i>, fruta entera)], Sauce extracto fluido (<i>Salix Spp<\/i>., corteza), Sa\u00faco concentrado vegetal (<i>Sambucus nigra L.<\/i>, flores), Prop\u00f3leo extracto fluido, Grosellero negro concentrado vegetal (<i>Ribes nigrum L.<\/i>, hojas), Llant\u00e9n concentrado vegetal (<i>Plantago major L.<\/i>, hojas), Prop\u00f3leo extracto seco, Yemas de Pino extracto fluido (<i>Pinus sylvestris L.<\/i>, yemas), Tomillo concentrado vegetal (<i>Thymus vulgaris L.<\/i>, flor y hoja), Echin\u00e1cea extracto fluido (<i>Echinacea purpurea L.<\/i>, ra\u00edz), Vitamina C (Ascorbato s\u00f3di-co), Zinc (Gluconato de Zinc), Eucalipto aceite esencial (<i>Eucalyptus globulus Labill<\/i>, hoja), Aroma de Eucalipto, Manganeso (Gluconato de Manganeso), Menta aceite esencial (<i>Mentha piperita L.<\/i>, hoja), Cobre (Gluconato de Cobre).<\/p>\n<p><strong>TABLA INGREDIENTES<\/strong><\/p>\n<p><b>Cantidad por d\u00eda (30 ml &#8211; 3&#215;10 ml):<\/b><b>\u00a0<\/b>Sauce (660 mg), Sa\u00faco (600 mg), Prop\u00f3leo (750 mg), Grosellero negro (450 mg), Llant\u00e9n (375 mg), Yemas de Pino (300 mg), Tomillo (300 mg), Echin\u00e1cea (120 mg), Vitamina C (80 mg), Zinc (10 mg), Eucalipto (45 mg), Manganeso ( 2,1 mg), Menta (14,4 mg), Cobre (1,1 mg).<\/p>\n<p><strong>MODO DE EMPLEO<\/strong><\/p>\n<p>Tomar 30 ml al d\u00eda (aproximadamente 3 cucharadas soperas), 10 ml (aproximadamente una cucharada sopera) con las principales comidas (desayuno, comida y cena).<\/p>\n<p><strong>CONTRAINDICACIONES<\/strong><\/p>\n<p>No recomendado en personas al\u00e9rgicas a los salicilatos. El Prop\u00f3leo como otros productos provenientes de la apicultura pueden contener polen, por lo que recomendamos consultar con su m\u00e9dico antes de consumir estos ingredientes en personas al\u00e9rgicas al polen, al veneno de abeja y asm\u00e1ticos. En embarazo y lactancia consultar con su m\u00e9dico antes de tomar el producto.<\/p>\n<p><strong>PRECAUCIONES<\/strong><\/p>\n<p>&#8211;<\/p>\n<p><strong>AL\u00c9RGENOS<\/strong><\/p>\n<p>Sin gluten, 0% az\u00facares a\u00f1adidos (contiene az\u00facares naturalmente presentes).<\/p>\n","protected":false},"excerpt":{"rendered":"<p>BUENO PARA TUS DEFENSAS. La Equin\u00e1cea, el Sa\u00faco, la Vitamina C, el Cobre y el Zinc ayudan al funcionamiento normal de nuestras defensas. Las Yemas de Pino y el Tomillo contribuyen al \u00f3ptimo funcionamiento de nuestro sistema respiratorio. PRESENTACI\u00d3N 250 mL INGREDIENTES Mezcla de extractos concentrados [Algarrobo (Ceratonia siliqua, vaina) y Manzana (Malus domestica, fruta [&hellip;]<\/p>\n","protected":false},"featured_media":247880,"comment_status":"closed","ping_status":"closed","template":"","meta":[],"product_brand":[],"product_cat":[40],"product_tag":[],"class_list":{"0":"post-247879","1":"product","2":"type-product","3":"status-publish","4":"has-post-thumbnail","6":"product_cat-dietetica-adelganzantes","8":"first","9":"instock","10":"shipping-taxable","11":"purchasable","12":"product-type-simple"},"_links":{"self":[{"href":"https:\/\/mentta.fastdelivery.es\/index.php\/wp-json\/wp\/v2\/product\/247879","targetHints":{"allow":["GET"]}}],"collection":[{"href":"https:\/\/mentta.fastdelivery.es\/index.php\/wp-json\/wp\/v2\/product"}],"about":[{"href":"https:\/\/mentta.fastdelivery.es\/index.php\/wp-json\/wp\/v2\/types\/product"}],"replies":[{"embeddable":true,"href":"https:\/\/mentta.fastdelivery.es\/index.php\/wp-json\/wp\/v2\/comments?post=247879"}],"wp:featuredmedia":[{"embeddable":true,"href":"https:\/\/mentta.fastdelivery.es\/index.php\/wp-json\/wp\/v2\/media\/247880"}],"wp:attachment":[{"href":"https:\/\/mentta.fastdelivery.es\/index.php\/wp-json\/wp\/v2\/media?parent=247879"}],"wp:term":[{"taxonomy":"product_brand","embeddable":true,"href":"https:\/\/mentta.fastdelivery.es\/index.php\/wp-json\/wp\/v2\/product_brand?post=247879"},{"taxonomy":"product_cat","embeddable":true,"href":"https:\/\/mentta.fastdelivery.es\/index.php\/wp-json\/wp\/v2\/product_cat?post=247879"},{"taxonomy":"product_tag","embeddable":true,"href":"https:\/\/mentta.fastdelivery.es\/index.php\/wp-json\/wp\/v2\/product_tag?post=247879"}],"curies":[{"name":"wp","href":"https:\/\/api.w.org\/{rel}","templated":true}]}}