{"id":247881,"date":"2024-04-25T11:33:45","date_gmt":"2024-04-25T09:33:45","guid":{"rendered":"https:\/\/mentta.fastdelivery.es\/?post_type=product&#038;p=247881"},"modified":"2026-03-10T17:19:49","modified_gmt":"2026-03-10T16:19:49","slug":"colesterol-forte-30-capsulas","status":"publish","type":"product","link":"https:\/\/mentta.fastdelivery.es\/index.php\/producto\/colesterol-forte-30-capsulas\/","title":{"rendered":"Colesterol forte (30 c\u00e1psulas)"},"content":{"rendered":"<p>SALUD CARDIOVASCULAR. La Berberina ayuda a mantener un nivel normal de colesterol.<\/p>\n<p><strong>PRESENTACI\u00d3N<\/strong><\/p>\n<p>30 c\u00e1psulas vegetales.<\/p>\n<p><strong>INGREDIENTES<\/strong><\/p>\n<p><strong>Por c\u00e1psula:<\/strong>\u00a0Berberina extracto seco (<i>Berberis aristata<\/i>, ra\u00edz), Levadura de arroz rojo fermentado (<i>Monascus purpureus<\/i>), , Olivo extracto seco (<i>Olea europea L.<\/i>, hoja), Cardo mariano extracto seco (<i>Silybum marianum<\/i>, fruto), Vitamina B6 (Clorhidrato de piridoxina), \u00c1cido f\u00f3lico.<\/p>\n<p><strong>TABLA INGREDIENTES<\/strong><\/p>\n<p><b>Cantidad por d\u00eda (1 c\u00e1psula):<\/b><b>\u00a0<\/b>Berberina extracto seco (300 mg), Levadura de Arroz Rojo fermentado (59 mg), Monacolinas totales (&lt;5%) (&lt;2,95 mg), Olivo extracto seco (15 mg), Oleurope\u00edna (45%) (6 mg), Cardo marinao extracto seco (10 mg).<\/p>\n<p><strong>MODO DE EMPLEO<\/strong><\/p>\n<p>Tomar 1 c\u00e1psula con la cena o al acostarse.<\/p>\n<p><strong>CONTRAINDICACIONES<\/strong><\/p>\n<p>El consumo diario de monacolinas procedentes de levadura de arroz rojo fermentado debe ser inferior a 3 mg. No recomendado su uso junto con otros productos que contengan monacolinas procedentes de levadura de arroz rojo fermentado, ni junto a medicaci\u00f3n para reducir el colesterol. No debe ser consumido por mujeres embarazadas o en periodo de lactancia, ni\u00f1os y adolescentes menores de 18 a\u00f1os ni adultos mayores de 70 a\u00f1os.<\/p>\n<p><strong>PRECAUCIONES<\/strong><\/p>\n<p>&#8211;<\/p>\n<p><strong>AL\u00c9RGENOS<\/strong><\/p>\n<p>Sin gluten, vegano.<\/p>\n","protected":false},"excerpt":{"rendered":"<p>SALUD CARDIOVASCULAR. La Berberina ayuda a mantener un nivel normal de colesterol. PRESENTACI\u00d3N 30 c\u00e1psulas vegetales. INGREDIENTES Por c\u00e1psula:\u00a0Berberina extracto seco (Berberis aristata, ra\u00edz), Levadura de arroz rojo fermentado (Monascus purpureus), , Olivo extracto seco (Olea europea L., hoja), Cardo mariano extracto seco (Silybum marianum, fruto), Vitamina B6 (Clorhidrato de piridoxina), \u00c1cido f\u00f3lico. TABLA INGREDIENTES [&hellip;]<\/p>\n","protected":false},"featured_media":246558,"comment_status":"closed","ping_status":"closed","template":"","meta":[],"product_brand":[],"product_cat":[40],"product_tag":[],"class_list":{"0":"post-247881","1":"product","2":"type-product","3":"status-publish","4":"has-post-thumbnail","6":"product_cat-dietetica-adelganzantes","8":"first","9":"instock","10":"shipping-taxable","11":"purchasable","12":"product-type-simple"},"_links":{"self":[{"href":"https:\/\/mentta.fastdelivery.es\/index.php\/wp-json\/wp\/v2\/product\/247881","targetHints":{"allow":["GET"]}}],"collection":[{"href":"https:\/\/mentta.fastdelivery.es\/index.php\/wp-json\/wp\/v2\/product"}],"about":[{"href":"https:\/\/mentta.fastdelivery.es\/index.php\/wp-json\/wp\/v2\/types\/product"}],"replies":[{"embeddable":true,"href":"https:\/\/mentta.fastdelivery.es\/index.php\/wp-json\/wp\/v2\/comments?post=247881"}],"wp:featuredmedia":[{"embeddable":true,"href":"https:\/\/mentta.fastdelivery.es\/index.php\/wp-json\/wp\/v2\/media\/246558"}],"wp:attachment":[{"href":"https:\/\/mentta.fastdelivery.es\/index.php\/wp-json\/wp\/v2\/media?parent=247881"}],"wp:term":[{"taxonomy":"product_brand","embeddable":true,"href":"https:\/\/mentta.fastdelivery.es\/index.php\/wp-json\/wp\/v2\/product_brand?post=247881"},{"taxonomy":"product_cat","embeddable":true,"href":"https:\/\/mentta.fastdelivery.es\/index.php\/wp-json\/wp\/v2\/product_cat?post=247881"},{"taxonomy":"product_tag","embeddable":true,"href":"https:\/\/mentta.fastdelivery.es\/index.php\/wp-json\/wp\/v2\/product_tag?post=247881"}],"curies":[{"name":"wp","href":"https:\/\/api.w.org\/{rel}","templated":true}]}}