{"id":247884,"date":"2024-06-08T05:42:22","date_gmt":"2024-06-08T03:42:22","guid":{"rendered":"https:\/\/mentta.fastdelivery.es\/?post_type=product&#038;p=247884"},"modified":"2026-03-10T17:19:49","modified_gmt":"2026-03-10T16:19:49","slug":"patata-para-freir","status":"publish","type":"product","link":"https:\/\/mentta.fastdelivery.es\/index.php\/producto\/patata-para-freir\/","title":{"rendered":"PATATA PARA FREIR"},"content":{"rendered":"<blockquote><p>Si eres un amante de las patatas fritas, no podr\u00e1s resistirte a probar nuestras patatas. Son perfectas para a\u00f1adir a tus platos m\u00e1s tradicionales o para crear nuevas recetas con ellas. Adem\u00e1s, son muy vers\u00e1tiles y se pueden preparar de muchas formas diferentes: cortadas en rodajas, en tiras o en cubos.<\/p><\/blockquote>\n","protected":false},"excerpt":{"rendered":"<p style=\"text-align: left;\">Si eres un amante de las patatas fritas, no podr\u00e1s resistirte a probar nuestras patatas. Son perfectas para a\u00f1adir a tus platos m\u00e1s tradicionales o para crear nuevas recetas con ellas. Adem\u00e1s, son muy vers\u00e1tiles y se pueden preparar de muchas formas diferentes: cortadas en rodajas, en tiras o en cubos<\/p>\n","protected":false},"featured_media":246564,"comment_status":"closed","ping_status":"closed","template":"","meta":[],"product_brand":[],"product_cat":[16],"product_tag":[],"class_list":{"0":"post-247884","1":"product","2":"type-product","3":"status-publish","4":"has-post-thumbnail","6":"product_cat-verduras-y-hortalizas","8":"first","9":"instock","10":"shipping-taxable","11":"purchasable","12":"product-type-simple"},"_links":{"self":[{"href":"https:\/\/mentta.fastdelivery.es\/index.php\/wp-json\/wp\/v2\/product\/247884","targetHints":{"allow":["GET"]}}],"collection":[{"href":"https:\/\/mentta.fastdelivery.es\/index.php\/wp-json\/wp\/v2\/product"}],"about":[{"href":"https:\/\/mentta.fastdelivery.es\/index.php\/wp-json\/wp\/v2\/types\/product"}],"replies":[{"embeddable":true,"href":"https:\/\/mentta.fastdelivery.es\/index.php\/wp-json\/wp\/v2\/comments?post=247884"}],"wp:featuredmedia":[{"embeddable":true,"href":"https:\/\/mentta.fastdelivery.es\/index.php\/wp-json\/wp\/v2\/media\/246564"}],"wp:attachment":[{"href":"https:\/\/mentta.fastdelivery.es\/index.php\/wp-json\/wp\/v2\/media?parent=247884"}],"wp:term":[{"taxonomy":"product_brand","embeddable":true,"href":"https:\/\/mentta.fastdelivery.es\/index.php\/wp-json\/wp\/v2\/product_brand?post=247884"},{"taxonomy":"product_cat","embeddable":true,"href":"https:\/\/mentta.fastdelivery.es\/index.php\/wp-json\/wp\/v2\/product_cat?post=247884"},{"taxonomy":"product_tag","embeddable":true,"href":"https:\/\/mentta.fastdelivery.es\/index.php\/wp-json\/wp\/v2\/product_tag?post=247884"}],"curies":[{"name":"wp","href":"https:\/\/api.w.org\/{rel}","templated":true}]}}