{"id":247889,"date":"2024-10-10T12:13:53","date_gmt":"2024-10-10T10:13:53","guid":{"rendered":"https:\/\/mentta.fastdelivery.es\/?post_type=product&#038;p=247889"},"modified":"2026-03-10T17:15:30","modified_gmt":"2026-03-10T16:15:30","slug":"sandia-fashion","status":"publish","type":"product","link":"https:\/\/mentta.fastdelivery.es\/index.php\/producto\/sandia-fashion\/","title":{"rendered":"SAND\u00cdA FASHION"},"content":{"rendered":"<p>La\u00a0<strong>sand\u00eda<\/strong>\u00a0marca\u00a0<strong>Fashion<\/strong>\u00a0es una sand\u00eda\u00a0<strong>sin pepitas<\/strong>, es crujiente, jugosa y muy sabrosa. esta fruta es l\u00edder en Licopeno y Citrulina y su producci\u00f3n se concentra especialmente en el litoral mediterr\u00e1neo espa\u00f1ol.<\/p>\n","protected":false},"excerpt":{"rendered":"<p>La\u00a0sand\u00eda\u00a0marca\u00a0Fashion\u00a0es una sand\u00eda\u00a0sin pepitas, es crujiente, jugosa y muy sabrosa. esta fruta es l\u00edder en Licopeno y Citrulina y su producci\u00f3n se concentra especialmente en el litoral mediterr\u00e1neo espa\u00f1ol.<\/p>\n","protected":false},"featured_media":246570,"comment_status":"closed","ping_status":"closed","template":"","meta":[],"product_brand":[],"product_cat":[19],"product_tag":[],"class_list":{"0":"post-247889","1":"product","2":"type-product","3":"status-publish","4":"has-post-thumbnail","6":"product_cat-frutas-online","8":"first","9":"instock","10":"shipping-taxable","11":"purchasable","12":"product-type-simple"},"_links":{"self":[{"href":"https:\/\/mentta.fastdelivery.es\/index.php\/wp-json\/wp\/v2\/product\/247889","targetHints":{"allow":["GET"]}}],"collection":[{"href":"https:\/\/mentta.fastdelivery.es\/index.php\/wp-json\/wp\/v2\/product"}],"about":[{"href":"https:\/\/mentta.fastdelivery.es\/index.php\/wp-json\/wp\/v2\/types\/product"}],"replies":[{"embeddable":true,"href":"https:\/\/mentta.fastdelivery.es\/index.php\/wp-json\/wp\/v2\/comments?post=247889"}],"wp:featuredmedia":[{"embeddable":true,"href":"https:\/\/mentta.fastdelivery.es\/index.php\/wp-json\/wp\/v2\/media\/246570"}],"wp:attachment":[{"href":"https:\/\/mentta.fastdelivery.es\/index.php\/wp-json\/wp\/v2\/media?parent=247889"}],"wp:term":[{"taxonomy":"product_brand","embeddable":true,"href":"https:\/\/mentta.fastdelivery.es\/index.php\/wp-json\/wp\/v2\/product_brand?post=247889"},{"taxonomy":"product_cat","embeddable":true,"href":"https:\/\/mentta.fastdelivery.es\/index.php\/wp-json\/wp\/v2\/product_cat?post=247889"},{"taxonomy":"product_tag","embeddable":true,"href":"https:\/\/mentta.fastdelivery.es\/index.php\/wp-json\/wp\/v2\/product_tag?post=247889"}],"curies":[{"name":"wp","href":"https:\/\/api.w.org\/{rel}","templated":true}]}}