{"id":247890,"date":"2024-06-08T06:01:46","date_gmt":"2024-06-08T04:01:46","guid":{"rendered":"https:\/\/mentta.fastdelivery.es\/?post_type=product&#038;p=247890"},"modified":"2026-03-10T17:19:49","modified_gmt":"2026-03-10T16:19:49","slug":"mango-barco","status":"publish","type":"product","link":"https:\/\/mentta.fastdelivery.es\/index.php\/producto\/mango-barco\/","title":{"rendered":"MANGO BARCO \/ und"},"content":{"rendered":"<p>El mango es conocido como el rey de las frutas en algunos pa\u00edses, esta comida es muy deliciosa con un sabor dulce. Son muy deliciosos y est\u00e1n cargados de muchos nutrientes que son beneficiosos para la salud.<\/p>\n<p>Es rico en amino\u00e1cidos, vitaminas C y E, flavonoides, hierro, magnesio y potasio. De hecho, se estima que una rebanada de mango que pesa alrededor de 200 gramos puede proporcionar alrededor de 60 mg de vitamina C y m\u00e1s de 35 mg de vitamina A.<\/p>\n<p>*PRECIO POR UNIDAD<\/p>\n","protected":false},"excerpt":{"rendered":"<p>El mango es conocido como el rey de las frutas en algunos pa\u00edses, esta comida es muy deliciosa con un sabor dulce. Son muy deliciosos y est\u00e1n cargados de muchos nutrientes que son beneficiosos para la salud. Es rico en amino\u00e1cidos, vitaminas C y E, flavonoides, hierro, magnesio y potasio. De hecho, se estima que [&hellip;]<\/p>\n","protected":false},"featured_media":246572,"comment_status":"closed","ping_status":"closed","template":"","meta":[],"product_brand":[],"product_cat":[19],"product_tag":[],"class_list":{"0":"post-247890","1":"product","2":"type-product","3":"status-publish","4":"has-post-thumbnail","6":"product_cat-frutas-online","8":"first","9":"instock","10":"shipping-taxable","11":"purchasable","12":"product-type-simple"},"_links":{"self":[{"href":"https:\/\/mentta.fastdelivery.es\/index.php\/wp-json\/wp\/v2\/product\/247890","targetHints":{"allow":["GET"]}}],"collection":[{"href":"https:\/\/mentta.fastdelivery.es\/index.php\/wp-json\/wp\/v2\/product"}],"about":[{"href":"https:\/\/mentta.fastdelivery.es\/index.php\/wp-json\/wp\/v2\/types\/product"}],"replies":[{"embeddable":true,"href":"https:\/\/mentta.fastdelivery.es\/index.php\/wp-json\/wp\/v2\/comments?post=247890"}],"wp:featuredmedia":[{"embeddable":true,"href":"https:\/\/mentta.fastdelivery.es\/index.php\/wp-json\/wp\/v2\/media\/246572"}],"wp:attachment":[{"href":"https:\/\/mentta.fastdelivery.es\/index.php\/wp-json\/wp\/v2\/media?parent=247890"}],"wp:term":[{"taxonomy":"product_brand","embeddable":true,"href":"https:\/\/mentta.fastdelivery.es\/index.php\/wp-json\/wp\/v2\/product_brand?post=247890"},{"taxonomy":"product_cat","embeddable":true,"href":"https:\/\/mentta.fastdelivery.es\/index.php\/wp-json\/wp\/v2\/product_cat?post=247890"},{"taxonomy":"product_tag","embeddable":true,"href":"https:\/\/mentta.fastdelivery.es\/index.php\/wp-json\/wp\/v2\/product_tag?post=247890"}],"curies":[{"name":"wp","href":"https:\/\/api.w.org\/{rel}","templated":true}]}}