{"id":247891,"date":"2024-06-08T06:06:29","date_gmt":"2024-06-08T04:06:29","guid":{"rendered":"https:\/\/mentta.fastdelivery.es\/?post_type=product&#038;p=247891"},"modified":"2026-03-10T17:19:49","modified_gmt":"2026-03-10T16:19:49","slug":"uva-blanca","status":"publish","type":"product","link":"https:\/\/mentta.fastdelivery.es\/index.php\/producto\/uva-blanca\/","title":{"rendered":"UVA BLANCA"},"content":{"rendered":"<p style=\"text-align: left;\">La <strong>uva de mesa<\/strong> es una <strong>fruta de temporada<\/strong>,<strong> jugosa y dulce<\/strong> que crece en racimos apretados. Se trata de una fruta que aporta minerales y vitaminas al organismo y es una de las frutas con m\u00e1s hidratos de carbono, aunque su contenido cal\u00f3rico no es demasiado elevado. Es <strong>laxante, diur\u00e9tica, depurativa y antioxidante<\/strong>. En funci\u00f3n de la temporada, puede ser blanca o morada, dependiendo de la que est\u00e9 mejor en cada momento.<\/p>\n","protected":false},"excerpt":{"rendered":"<p>La uva de mesa es una fruta de temporada, jugosa y dulce que crece en racimos apretados. Se trata de una fruta que aporta minerales y vitaminas al organismo y es una de las frutas con m\u00e1s hidratos de carbono, aunque su contenido cal\u00f3rico no es demasiado elevado. Es laxante, diur\u00e9tica, depurativa y antioxidante. En [&hellip;]<\/p>\n","protected":false},"featured_media":246574,"comment_status":"closed","ping_status":"closed","template":"","meta":[],"product_brand":[],"product_cat":[19],"product_tag":[],"class_list":{"0":"post-247891","1":"product","2":"type-product","3":"status-publish","4":"has-post-thumbnail","6":"product_cat-frutas-online","8":"first","9":"instock","10":"shipping-taxable","11":"purchasable","12":"product-type-simple"},"_links":{"self":[{"href":"https:\/\/mentta.fastdelivery.es\/index.php\/wp-json\/wp\/v2\/product\/247891","targetHints":{"allow":["GET"]}}],"collection":[{"href":"https:\/\/mentta.fastdelivery.es\/index.php\/wp-json\/wp\/v2\/product"}],"about":[{"href":"https:\/\/mentta.fastdelivery.es\/index.php\/wp-json\/wp\/v2\/types\/product"}],"replies":[{"embeddable":true,"href":"https:\/\/mentta.fastdelivery.es\/index.php\/wp-json\/wp\/v2\/comments?post=247891"}],"wp:featuredmedia":[{"embeddable":true,"href":"https:\/\/mentta.fastdelivery.es\/index.php\/wp-json\/wp\/v2\/media\/246574"}],"wp:attachment":[{"href":"https:\/\/mentta.fastdelivery.es\/index.php\/wp-json\/wp\/v2\/media?parent=247891"}],"wp:term":[{"taxonomy":"product_brand","embeddable":true,"href":"https:\/\/mentta.fastdelivery.es\/index.php\/wp-json\/wp\/v2\/product_brand?post=247891"},{"taxonomy":"product_cat","embeddable":true,"href":"https:\/\/mentta.fastdelivery.es\/index.php\/wp-json\/wp\/v2\/product_cat?post=247891"},{"taxonomy":"product_tag","embeddable":true,"href":"https:\/\/mentta.fastdelivery.es\/index.php\/wp-json\/wp\/v2\/product_tag?post=247891"}],"curies":[{"name":"wp","href":"https:\/\/api.w.org\/{rel}","templated":true}]}}