{"id":247902,"date":"2024-06-13T12:13:17","date_gmt":"2024-06-13T10:13:17","guid":{"rendered":"https:\/\/mentta.fastdelivery.es\/?post_type=product&#038;p=247902"},"modified":"2026-03-10T17:19:49","modified_gmt":"2026-03-10T16:19:49","slug":"alas-de-pollo-frescas-600-gr-aprox","status":"publish","type":"product","link":"https:\/\/mentta.fastdelivery.es\/index.php\/producto\/alas-de-pollo-frescas-600-gr-aprox\/","title":{"rendered":"Alas De Pollo Frescas 700 gr aprox."},"content":{"rendered":"<p><strong>Alitas de Pollo Frescas<\/strong>\u00a0y limpias, listas \u00a0para disfrutar fritas o asadas al horno.<\/p>\n<p>Pertenecen a\u00a0las extremidades del pollo, una de las piezas m\u00e1s econ\u00f3micas del mercado.<\/p>\n<p>La\u00a0<strong>carne de pollo<\/strong>\u00a0reporta beneficios para la salud al ser baja en sodio, aporta hierro y calcio, rica\u00a0en amino\u00e1cidos y prote\u00ednas.<\/p>\n<p>Junto con la carne de conejo y pavo son las que poseen un menor contenido en grasa y colesterol.<\/p>\n<p>&nbsp;<\/p>\n<p>*Peso aprox del producto 600 gr aprox.<\/p>\n<p>*En la preparaci\u00f3n de productos frescos puede existir una ligera variaci\u00f3n del precio final en funci\u00f3n del peso.<\/p>\n","protected":false},"excerpt":{"rendered":"<p>La mejor carne y con mayor calidad que podr\u00e1s encontrar en el mercado, a\u00f1os de reputaci\u00f3n avalan la calidad de\u00a0<strong>Grupo Los Norte\u00f1os<\/strong>.<\/p>\n<p><strong>La mejor opci\u00f3n para comprar carne online, te la preparamos y envasamos el mismo d\u00eda que te la enviamos a casa.\u00a0<\/strong><\/p>\n<p>&nbsp;<\/p>\n<h3>CONSERVACI\u00d3N:<\/h3>\n<p>En refrigeraci\u00f3n: T\u00aa = 5\u00baC<\/p>\n<p>En congelaci\u00f3n: T\u00aa &lt; -18\u00baC.<\/p>\n<p>&nbsp;<\/p>\n<h3>PRESENTACI\u00d3N:<\/h3>\n<p>Envase: al vac\u00edo en bolsas pl\u00e1sticas y\/o en bandejas de poliexp\u00e1n aptas para uso alimentario.<\/p>\n<p>Embalaje: cajas de cart\u00f3n aptas para uso alimentario.<\/p>\n<p>&nbsp;<\/p>\n<h3>CONSUMO PREFERENTE:<\/h3>\n<p>Refrigerada: 5 d\u00edas<\/p>\n<p>Refrigerada al vac\u00edo: 15 d\u00edas<\/p>\n<p>Congelada: 18 meses<\/p>\n","protected":false},"featured_media":246588,"comment_status":"closed","ping_status":"closed","template":"","meta":[],"product_brand":[],"product_cat":[47,49],"product_tag":[],"class_list":{"0":"post-247902","1":"product","2":"type-product","3":"status-publish","4":"has-post-thumbnail","6":"product_cat-carnes","7":"product_cat-pollo","9":"first","10":"instock","11":"shipping-taxable","12":"purchasable","13":"product-type-simple"},"_links":{"self":[{"href":"https:\/\/mentta.fastdelivery.es\/index.php\/wp-json\/wp\/v2\/product\/247902","targetHints":{"allow":["GET"]}}],"collection":[{"href":"https:\/\/mentta.fastdelivery.es\/index.php\/wp-json\/wp\/v2\/product"}],"about":[{"href":"https:\/\/mentta.fastdelivery.es\/index.php\/wp-json\/wp\/v2\/types\/product"}],"replies":[{"embeddable":true,"href":"https:\/\/mentta.fastdelivery.es\/index.php\/wp-json\/wp\/v2\/comments?post=247902"}],"wp:featuredmedia":[{"embeddable":true,"href":"https:\/\/mentta.fastdelivery.es\/index.php\/wp-json\/wp\/v2\/media\/246588"}],"wp:attachment":[{"href":"https:\/\/mentta.fastdelivery.es\/index.php\/wp-json\/wp\/v2\/media?parent=247902"}],"wp:term":[{"taxonomy":"product_brand","embeddable":true,"href":"https:\/\/mentta.fastdelivery.es\/index.php\/wp-json\/wp\/v2\/product_brand?post=247902"},{"taxonomy":"product_cat","embeddable":true,"href":"https:\/\/mentta.fastdelivery.es\/index.php\/wp-json\/wp\/v2\/product_cat?post=247902"},{"taxonomy":"product_tag","embeddable":true,"href":"https:\/\/mentta.fastdelivery.es\/index.php\/wp-json\/wp\/v2\/product_tag?post=247902"}],"curies":[{"name":"wp","href":"https:\/\/api.w.org\/{rel}","templated":true}]}}