{"id":247903,"date":"2024-06-13T16:10:02","date_gmt":"2024-06-13T14:10:02","guid":{"rendered":"https:\/\/mentta.fastdelivery.es\/?post_type=product&#038;p=247903"},"modified":"2026-03-10T17:19:49","modified_gmt":"2026-03-10T16:19:49","slug":"filetes-pechuga-de-pollo-de-corral-1-kg","status":"publish","type":"product","link":"https:\/\/mentta.fastdelivery.es\/index.php\/producto\/filetes-pechuga-de-pollo-de-corral-1-kg\/","title":{"rendered":"Filetes Pechuga de Pollo de Corral 1,2 kg"},"content":{"rendered":"<p><strong>Filetes de Pechuga<\/strong>\u00a0de\u00a0<strong>Pollo de Corral<\/strong>, un ave con todas las caracter\u00edsticas exigidas por aquellos consumidores que buscan lo natural.<\/p>\n<p>Quedan estupendas a la plancha o empanadas, su carne est\u00e1 exenta de cualquier tipo de aditivo.<\/p>\n<p>Como toda la carne de pollo es rica en prote\u00ednas y contiene una cantidad de grasa baja.<\/p>\n<p>&nbsp;<\/p>\n<p>*Peso aprox del producto 1 Kg<\/p>\n<p>*En la preparaci\u00f3n de productos frescos puede existir una ligera variaci\u00f3n del precio final en funci\u00f3n del peso.<\/p>\n","protected":false},"excerpt":{"rendered":"<p>Filetes de Pechuga\u00a0de\u00a0Pollo de Corral, un ave con todas las caracter\u00edsticas exigidas por aquellos consumidores que buscan lo natural. Quedan estupendas a la plancha o empanadas, su carne est\u00e1 exenta de cualquier tipo de aditivo. Como toda la carne de pollo es rica en prote\u00ednas y contiene una cantidad de grasa baja. &nbsp; *Peso aprox [&hellip;]<\/p>\n","protected":false},"featured_media":246590,"comment_status":"closed","ping_status":"closed","template":"","meta":[],"product_brand":[],"product_cat":[47,49],"product_tag":[],"class_list":{"0":"post-247903","1":"product","2":"type-product","3":"status-publish","4":"has-post-thumbnail","6":"product_cat-carnes","7":"product_cat-pollo","9":"first","10":"instock","11":"shipping-taxable","12":"purchasable","13":"product-type-simple"},"_links":{"self":[{"href":"https:\/\/mentta.fastdelivery.es\/index.php\/wp-json\/wp\/v2\/product\/247903","targetHints":{"allow":["GET"]}}],"collection":[{"href":"https:\/\/mentta.fastdelivery.es\/index.php\/wp-json\/wp\/v2\/product"}],"about":[{"href":"https:\/\/mentta.fastdelivery.es\/index.php\/wp-json\/wp\/v2\/types\/product"}],"replies":[{"embeddable":true,"href":"https:\/\/mentta.fastdelivery.es\/index.php\/wp-json\/wp\/v2\/comments?post=247903"}],"wp:featuredmedia":[{"embeddable":true,"href":"https:\/\/mentta.fastdelivery.es\/index.php\/wp-json\/wp\/v2\/media\/246590"}],"wp:attachment":[{"href":"https:\/\/mentta.fastdelivery.es\/index.php\/wp-json\/wp\/v2\/media?parent=247903"}],"wp:term":[{"taxonomy":"product_brand","embeddable":true,"href":"https:\/\/mentta.fastdelivery.es\/index.php\/wp-json\/wp\/v2\/product_brand?post=247903"},{"taxonomy":"product_cat","embeddable":true,"href":"https:\/\/mentta.fastdelivery.es\/index.php\/wp-json\/wp\/v2\/product_cat?post=247903"},{"taxonomy":"product_tag","embeddable":true,"href":"https:\/\/mentta.fastdelivery.es\/index.php\/wp-json\/wp\/v2\/product_tag?post=247903"}],"curies":[{"name":"wp","href":"https:\/\/api.w.org\/{rel}","templated":true}]}}