{"id":247906,"date":"2024-06-16T16:07:42","date_gmt":"2024-06-16T14:07:42","guid":{"rendered":"https:\/\/mentta.fastdelivery.es\/?post_type=product&#038;p=247906"},"modified":"2026-03-10T17:19:49","modified_gmt":"2026-03-10T16:19:49","slug":"filetes-contramuslo-pollo-frescos-800-gr-aprox","status":"publish","type":"product","link":"https:\/\/mentta.fastdelivery.es\/index.php\/producto\/filetes-contramuslo-pollo-frescos-800-gr-aprox\/","title":{"rendered":"Filetes Contramuslo Pollo Frescos 900 gr aprox."},"content":{"rendered":"<p>Riqu\u00edsimos filetes de\u00a0<strong>Contramuslo de Pollo<\/strong>, esta pieza es\u00a0algo m\u00e1s jugosos que la pechuga y de uso vers\u00e1til en su elaboraci\u00f3n.<\/p>\n<p>Estos filetes\u00a0deshuesados son una excelente opci\u00f3n para cocinar estupendos platos muy bajos en grasa con la comodidad de que vienen ya listos, contramuslo limpio y sin hueso.<\/p>\n<p><strong>La carne de pollo<\/strong>\u00a0reporta beneficios para la salud al ser baja en sodio, aporta hierro y calcio, rica en amino\u00e1cidos y prote\u00ednas.<\/p>\n<p>\u00a1Pruebalos a la brasa o a la parrilla, te encantar\u00e1n!<\/p>\n<p>&nbsp;<\/p>\n<p>*Peso aprox del producto 700 g.<\/p>\n<p>*En la preparaci\u00f3n de productos frescos puede existir una ligera variaci\u00f3n del precio final en funci\u00f3n del peso.<\/p>\n","protected":false},"excerpt":{"rendered":"<p>Riqu\u00edsimos filetes de\u00a0Contramuslo de Pollo, esta pieza es\u00a0algo m\u00e1s jugosos que la pechuga y de uso vers\u00e1til en su elaboraci\u00f3n. Estos filetes\u00a0deshuesados son una excelente opci\u00f3n para cocinar estupendos platos muy bajos en grasa con la comodidad de que vienen ya listos, contramuslo limpio y sin hueso. La carne de pollo\u00a0reporta beneficios para la salud [&hellip;]<\/p>\n","protected":false},"featured_media":246592,"comment_status":"closed","ping_status":"closed","template":"","meta":[],"product_brand":[],"product_cat":[47,49],"product_tag":[],"class_list":{"0":"post-247906","1":"product","2":"type-product","3":"status-publish","4":"has-post-thumbnail","6":"product_cat-carnes","7":"product_cat-pollo","9":"first","10":"instock","11":"shipping-taxable","12":"purchasable","13":"product-type-simple"},"_links":{"self":[{"href":"https:\/\/mentta.fastdelivery.es\/index.php\/wp-json\/wp\/v2\/product\/247906","targetHints":{"allow":["GET"]}}],"collection":[{"href":"https:\/\/mentta.fastdelivery.es\/index.php\/wp-json\/wp\/v2\/product"}],"about":[{"href":"https:\/\/mentta.fastdelivery.es\/index.php\/wp-json\/wp\/v2\/types\/product"}],"replies":[{"embeddable":true,"href":"https:\/\/mentta.fastdelivery.es\/index.php\/wp-json\/wp\/v2\/comments?post=247906"}],"wp:featuredmedia":[{"embeddable":true,"href":"https:\/\/mentta.fastdelivery.es\/index.php\/wp-json\/wp\/v2\/media\/246592"}],"wp:attachment":[{"href":"https:\/\/mentta.fastdelivery.es\/index.php\/wp-json\/wp\/v2\/media?parent=247906"}],"wp:term":[{"taxonomy":"product_brand","embeddable":true,"href":"https:\/\/mentta.fastdelivery.es\/index.php\/wp-json\/wp\/v2\/product_brand?post=247906"},{"taxonomy":"product_cat","embeddable":true,"href":"https:\/\/mentta.fastdelivery.es\/index.php\/wp-json\/wp\/v2\/product_cat?post=247906"},{"taxonomy":"product_tag","embeddable":true,"href":"https:\/\/mentta.fastdelivery.es\/index.php\/wp-json\/wp\/v2\/product_tag?post=247906"}],"curies":[{"name":"wp","href":"https:\/\/api.w.org\/{rel}","templated":true}]}}