{"id":247908,"date":"2024-06-16T16:10:02","date_gmt":"2024-06-16T14:10:02","guid":{"rendered":"https:\/\/mentta.fastdelivery.es\/?post_type=product&#038;p=247908"},"modified":"2026-03-10T17:19:49","modified_gmt":"2026-03-10T16:19:49","slug":"filetes-pechuga-pollo-600-gr-aprox","status":"publish","type":"product","link":"https:\/\/mentta.fastdelivery.es\/index.php\/producto\/filetes-pechuga-pollo-600-gr-aprox\/","title":{"rendered":"Filetes Pechuga Pollo 600 gr aprox."},"content":{"rendered":"<p><strong>Filetes de Pechuga de Pollo<\/strong>, corte fino y fresco listos para elaborarlos como m\u00e1s te guste.<\/p>\n<p>&nbsp;<\/p>\n<p>El Pollo contiene\u00a0<strong>una carne muy rica en prote\u00ednas<\/strong>, aportando gran cantidad de vitaminas del grupo B al organismo.<\/p>\n<p>La carne de pollo reporta beneficios para la salud al ser baja en sodio, aporta hierro y calcio, y es muy rica en amino\u00e1cidos,\u00a0con una cantidad de grasa baja.<\/p>\n<p>&nbsp;<\/p>\n<p>Estos filetes quedan estupendos\u00a0a la plancha o empanados, su carne est\u00e1 exenta de cualquier tipo de aditivo.<\/p>\n<p>&nbsp;<\/p>\n<p>*Peso aprox del producto 600 gr<\/p>\n<p>*En la preparaci\u00f3n de productos frescos puede existir una ligera variaci\u00f3n del precio final en funci\u00f3n del peso.<\/p>\n","protected":false},"excerpt":{"rendered":"<p>Filetes de Pechuga de Pollo, corte fino y fresco listos para elaborarlos como m\u00e1s te guste. &nbsp; El Pollo contiene\u00a0una carne muy rica en prote\u00ednas, aportando gran cantidad de vitaminas del grupo B al organismo. La carne de pollo reporta beneficios para la salud al ser baja en sodio, aporta hierro y calcio, y es [&hellip;]<\/p>\n","protected":false},"featured_media":246596,"comment_status":"closed","ping_status":"closed","template":"","meta":[],"product_brand":[],"product_cat":[47,49],"product_tag":[],"class_list":{"0":"post-247908","1":"product","2":"type-product","3":"status-publish","4":"has-post-thumbnail","6":"product_cat-carnes","7":"product_cat-pollo","9":"first","10":"instock","11":"shipping-taxable","12":"purchasable","13":"product-type-simple"},"_links":{"self":[{"href":"https:\/\/mentta.fastdelivery.es\/index.php\/wp-json\/wp\/v2\/product\/247908","targetHints":{"allow":["GET"]}}],"collection":[{"href":"https:\/\/mentta.fastdelivery.es\/index.php\/wp-json\/wp\/v2\/product"}],"about":[{"href":"https:\/\/mentta.fastdelivery.es\/index.php\/wp-json\/wp\/v2\/types\/product"}],"replies":[{"embeddable":true,"href":"https:\/\/mentta.fastdelivery.es\/index.php\/wp-json\/wp\/v2\/comments?post=247908"}],"wp:featuredmedia":[{"embeddable":true,"href":"https:\/\/mentta.fastdelivery.es\/index.php\/wp-json\/wp\/v2\/media\/246596"}],"wp:attachment":[{"href":"https:\/\/mentta.fastdelivery.es\/index.php\/wp-json\/wp\/v2\/media?parent=247908"}],"wp:term":[{"taxonomy":"product_brand","embeddable":true,"href":"https:\/\/mentta.fastdelivery.es\/index.php\/wp-json\/wp\/v2\/product_brand?post=247908"},{"taxonomy":"product_cat","embeddable":true,"href":"https:\/\/mentta.fastdelivery.es\/index.php\/wp-json\/wp\/v2\/product_cat?post=247908"},{"taxonomy":"product_tag","embeddable":true,"href":"https:\/\/mentta.fastdelivery.es\/index.php\/wp-json\/wp\/v2\/product_tag?post=247908"}],"curies":[{"name":"wp","href":"https:\/\/api.w.org\/{rel}","templated":true}]}}