{"id":247909,"date":"2024-06-16T16:10:59","date_gmt":"2024-06-16T14:10:59","guid":{"rendered":"https:\/\/mentta.fastdelivery.es\/?post_type=product&#038;p=247909"},"modified":"2026-03-10T17:19:49","modified_gmt":"2026-03-10T16:19:49","slug":"jamoncitos-pollo-fresco-600-gr-aprox","status":"publish","type":"product","link":"https:\/\/mentta.fastdelivery.es\/index.php\/producto\/jamoncitos-pollo-fresco-600-gr-aprox\/","title":{"rendered":"Jamoncitos Pollo Fresco 700 grs aprox."},"content":{"rendered":"<p><strong>Jamoncitos de Pollo<\/strong>\u00a0fresco\u00a0o tambi\u00e9n llamados\u00a0<strong>Muslitos\u00a0de Pollo<\/strong>, de gran tama\u00f1o, frescura y calidad.<\/p>\n<p>&nbsp;<\/p>\n<p>Una de\u00a0las piezas de la\u00a0<strong>carne de pollo<\/strong>\u00a0m\u00e1s jugosa y sabrosa. Puedes cocinarlos de muchas maneras, guisados en salsa, a la plancha, horno, a la parrilla..<\/p>\n<p>\u00a1Son una aut\u00e9ntica delicia!<\/p>\n<p>Como toda la carne de pollo es rica en prote\u00ednas y contiene una cantidad de grasa baja.<\/p>\n<p>&nbsp;<\/p>\n<p>*Peso aprox del producto 600 gr<\/p>\n<p>*En la preparaci\u00f3n de productos frescos puede existir una ligera variaci\u00f3n del precio final en funci\u00f3n del peso.<\/p>\n","protected":false},"excerpt":{"rendered":"<p>Jamoncitos de Pollo\u00a0fresco\u00a0o tambi\u00e9n llamados\u00a0Muslitos\u00a0de Pollo, de gran tama\u00f1o, frescura y calidad. &nbsp; Una de\u00a0las piezas de la\u00a0carne de pollo\u00a0m\u00e1s jugosa y sabrosa. Puedes cocinarlos de muchas maneras, guisados en salsa, a la plancha, horno, a la parrilla.. \u00a1Son una aut\u00e9ntica delicia! Como toda la carne de pollo es rica en prote\u00ednas y contiene una [&hellip;]<\/p>\n","protected":false},"featured_media":247910,"comment_status":"closed","ping_status":"closed","template":"","meta":[],"product_brand":[],"product_cat":[47,49],"product_tag":[],"class_list":{"0":"post-247909","1":"product","2":"type-product","3":"status-publish","4":"has-post-thumbnail","6":"product_cat-carnes","7":"product_cat-pollo","9":"first","10":"instock","11":"shipping-taxable","12":"purchasable","13":"product-type-simple"},"_links":{"self":[{"href":"https:\/\/mentta.fastdelivery.es\/index.php\/wp-json\/wp\/v2\/product\/247909","targetHints":{"allow":["GET"]}}],"collection":[{"href":"https:\/\/mentta.fastdelivery.es\/index.php\/wp-json\/wp\/v2\/product"}],"about":[{"href":"https:\/\/mentta.fastdelivery.es\/index.php\/wp-json\/wp\/v2\/types\/product"}],"replies":[{"embeddable":true,"href":"https:\/\/mentta.fastdelivery.es\/index.php\/wp-json\/wp\/v2\/comments?post=247909"}],"wp:featuredmedia":[{"embeddable":true,"href":"https:\/\/mentta.fastdelivery.es\/index.php\/wp-json\/wp\/v2\/media\/247910"}],"wp:attachment":[{"href":"https:\/\/mentta.fastdelivery.es\/index.php\/wp-json\/wp\/v2\/media?parent=247909"}],"wp:term":[{"taxonomy":"product_brand","embeddable":true,"href":"https:\/\/mentta.fastdelivery.es\/index.php\/wp-json\/wp\/v2\/product_brand?post=247909"},{"taxonomy":"product_cat","embeddable":true,"href":"https:\/\/mentta.fastdelivery.es\/index.php\/wp-json\/wp\/v2\/product_cat?post=247909"},{"taxonomy":"product_tag","embeddable":true,"href":"https:\/\/mentta.fastdelivery.es\/index.php\/wp-json\/wp\/v2\/product_tag?post=247909"}],"curies":[{"name":"wp","href":"https:\/\/api.w.org\/{rel}","templated":true}]}}