{"id":247911,"date":"2024-06-16T16:12:07","date_gmt":"2024-06-16T14:12:07","guid":{"rendered":"https:\/\/mentta.fastdelivery.es\/?post_type=product&#038;p=247911"},"modified":"2026-03-10T17:19:49","modified_gmt":"2026-03-10T16:19:49","slug":"pechuga-de-pollo-fresca-bandeja-2-und-600-gr-aprox","status":"publish","type":"product","link":"https:\/\/mentta.fastdelivery.es\/index.php\/producto\/pechuga-de-pollo-fresca-bandeja-2-und-600-gr-aprox\/","title":{"rendered":"Pechuga de Pollo Fresca Bandeja (2 und) 600 gr aprox"},"content":{"rendered":"<p>2 Unidades de<strong>\u00a0Pechugas de Pollo Fresca<\/strong>, ideales para una dieta sana, nutritiva, sabrosa y baja en calor\u00edas.<\/p>\n<p>Las pechugas quedan\u00a0estupendas a la plancha o empanadas, su carne est\u00e1 exenta de cualquier tipo de aditivo.<\/p>\n<p>La carne de pollo reporta beneficios para la salud al ser baja en sodio, aporta hierro y calcio, rica en amino\u00e1cidos y prote\u00ednas.<\/p>\n<p>Junto con la carne de conejo y pavo son las que poseen un\u00a0<strong>menor contenido en grasa y colesterol,\u00a0<\/strong>sobretodo si se consume sin piel.<\/p>\n<p>&nbsp;<\/p>\n<p>*En la preparaci\u00f3n de productos frescos puede existir una ligera variaci\u00f3n del precio final en funci\u00f3n del peso.<\/p>\n","protected":false},"excerpt":{"rendered":"<p>2 Unidades de\u00a0Pechugas de Pollo Fresca, ideales para una dieta sana, nutritiva, sabrosa y baja en calor\u00edas. Las pechugas quedan\u00a0estupendas a la plancha o empanadas, su carne est\u00e1 exenta de cualquier tipo de aditivo. La carne de pollo reporta beneficios para la salud al ser baja en sodio, aporta hierro y calcio, rica en amino\u00e1cidos [&hellip;]<\/p>\n","protected":false},"featured_media":246598,"comment_status":"closed","ping_status":"closed","template":"","meta":[],"product_brand":[],"product_cat":[47,49],"product_tag":[],"class_list":{"0":"post-247911","1":"product","2":"type-product","3":"status-publish","4":"has-post-thumbnail","6":"product_cat-carnes","7":"product_cat-pollo","9":"first","10":"instock","11":"shipping-taxable","12":"purchasable","13":"product-type-simple"},"_links":{"self":[{"href":"https:\/\/mentta.fastdelivery.es\/index.php\/wp-json\/wp\/v2\/product\/247911","targetHints":{"allow":["GET"]}}],"collection":[{"href":"https:\/\/mentta.fastdelivery.es\/index.php\/wp-json\/wp\/v2\/product"}],"about":[{"href":"https:\/\/mentta.fastdelivery.es\/index.php\/wp-json\/wp\/v2\/types\/product"}],"replies":[{"embeddable":true,"href":"https:\/\/mentta.fastdelivery.es\/index.php\/wp-json\/wp\/v2\/comments?post=247911"}],"wp:featuredmedia":[{"embeddable":true,"href":"https:\/\/mentta.fastdelivery.es\/index.php\/wp-json\/wp\/v2\/media\/246598"}],"wp:attachment":[{"href":"https:\/\/mentta.fastdelivery.es\/index.php\/wp-json\/wp\/v2\/media?parent=247911"}],"wp:term":[{"taxonomy":"product_brand","embeddable":true,"href":"https:\/\/mentta.fastdelivery.es\/index.php\/wp-json\/wp\/v2\/product_brand?post=247911"},{"taxonomy":"product_cat","embeddable":true,"href":"https:\/\/mentta.fastdelivery.es\/index.php\/wp-json\/wp\/v2\/product_cat?post=247911"},{"taxonomy":"product_tag","embeddable":true,"href":"https:\/\/mentta.fastdelivery.es\/index.php\/wp-json\/wp\/v2\/product_tag?post=247911"}],"curies":[{"name":"wp","href":"https:\/\/api.w.org\/{rel}","templated":true}]}}