{"id":247913,"date":"2024-06-16T16:14:31","date_gmt":"2024-06-16T14:14:31","guid":{"rendered":"https:\/\/mentta.fastdelivery.es\/?post_type=product&#038;p=247913"},"modified":"2026-03-10T17:19:49","modified_gmt":"2026-03-10T16:19:49","slug":"trasero-pollo-fresco-1-25-kg","status":"publish","type":"product","link":"https:\/\/mentta.fastdelivery.es\/index.php\/producto\/trasero-pollo-fresco-1-25-kg\/","title":{"rendered":"Trasero Pollo Fresco 1.5 Kg"},"content":{"rendered":"<p>Cuartos\u00a0<strong>Traseros de Pollo\u00a0<\/strong>frescos,\u00a0de gran tama\u00f1o, frescura y calidad.<\/p>\n<p>Es probablemente la pieza\u00a0del pollo m\u00e1s jugosa y sabrosa. Normalmente se utilizan los traseros cocinados al horno, recomendamos probarlos a la parrilla o barbacoa, son una aut\u00e9ntica delicia!<\/p>\n<p>Como toda la carne de pollo es rica en prote\u00ednas y contiene una cantidad de grasa baja.<\/p>\n<p>&nbsp;<\/p>\n<p>*Peso aprox del producto\u00a01,25 Kg<\/p>\n<p>*En la preparaci\u00f3n de productos frescos puede existir una ligera variaci\u00f3n del precio final en funci\u00f3n del peso.<\/p>\n","protected":false},"excerpt":{"rendered":"<p>Cuartos\u00a0Traseros de Pollo\u00a0frescos,\u00a0de gran tama\u00f1o, frescura y calidad. Es probablemente la pieza\u00a0del pollo m\u00e1s jugosa y sabrosa. Normalmente se utilizan los traseros cocinados al horno, recomendamos probarlos a la parrilla o barbacoa, son una aut\u00e9ntica delicia! Como toda la carne de pollo es rica en prote\u00ednas y contiene una cantidad de grasa baja. &nbsp; *Peso [&hellip;]<\/p>\n","protected":false},"featured_media":246602,"comment_status":"closed","ping_status":"closed","template":"","meta":[],"product_brand":[],"product_cat":[47,49],"product_tag":[],"class_list":{"0":"post-247913","1":"product","2":"type-product","3":"status-publish","4":"has-post-thumbnail","6":"product_cat-carnes","7":"product_cat-pollo","9":"first","10":"instock","11":"shipping-taxable","12":"purchasable","13":"product-type-simple"},"_links":{"self":[{"href":"https:\/\/mentta.fastdelivery.es\/index.php\/wp-json\/wp\/v2\/product\/247913","targetHints":{"allow":["GET"]}}],"collection":[{"href":"https:\/\/mentta.fastdelivery.es\/index.php\/wp-json\/wp\/v2\/product"}],"about":[{"href":"https:\/\/mentta.fastdelivery.es\/index.php\/wp-json\/wp\/v2\/types\/product"}],"replies":[{"embeddable":true,"href":"https:\/\/mentta.fastdelivery.es\/index.php\/wp-json\/wp\/v2\/comments?post=247913"}],"wp:featuredmedia":[{"embeddable":true,"href":"https:\/\/mentta.fastdelivery.es\/index.php\/wp-json\/wp\/v2\/media\/246602"}],"wp:attachment":[{"href":"https:\/\/mentta.fastdelivery.es\/index.php\/wp-json\/wp\/v2\/media?parent=247913"}],"wp:term":[{"taxonomy":"product_brand","embeddable":true,"href":"https:\/\/mentta.fastdelivery.es\/index.php\/wp-json\/wp\/v2\/product_brand?post=247913"},{"taxonomy":"product_cat","embeddable":true,"href":"https:\/\/mentta.fastdelivery.es\/index.php\/wp-json\/wp\/v2\/product_cat?post=247913"},{"taxonomy":"product_tag","embeddable":true,"href":"https:\/\/mentta.fastdelivery.es\/index.php\/wp-json\/wp\/v2\/product_tag?post=247913"}],"curies":[{"name":"wp","href":"https:\/\/api.w.org\/{rel}","templated":true}]}}