{"id":247914,"date":"2024-06-16T16:19:03","date_gmt":"2024-06-16T14:19:03","guid":{"rendered":"https:\/\/mentta.fastdelivery.es\/?post_type=product&#038;p=247914"},"modified":"2026-03-10T17:19:49","modified_gmt":"2026-03-10T16:19:49","slug":"costilla-iberica-adobada-750-gr","status":"publish","type":"product","link":"https:\/\/mentta.fastdelivery.es\/index.php\/producto\/costilla-iberica-adobada-750-gr\/","title":{"rendered":"Costilla Ib\u00e9rica Adobada 750 gr"},"content":{"rendered":"<p><strong>Costilla de Cerdo Ib\u00e9rico<\/strong>\u00a0<strong>adobadas<\/strong>\u00a0elaboradas de forma tradicional con piment\u00f3n de la Vera, ajo, aceite de oliva virgen y sal, lo que las hace potenciar sus ya existentes cualidades de sabor inconfundible de\u00a0<strong>costillas ib\u00e9ricas de pueblo<\/strong>.<\/p>\n<p>Ideal para preparar guisos caseros o asarlas a la parrilla o brasa acompa\u00f1adas de patatas.<\/p>\n<p>Las\u00a0<strong>Costilla de Cerdo Ib\u00e9rico<\/strong>\u00a0<strong>adobadas<\/strong>\u00a0son el plato perfecto para una comida por su sabor y jugosidad y adem\u00e1s, gustan a todo el mundo.<\/p>\n<p>&nbsp;<\/p>\n<p>*Peso aprox 750 gr<\/p>\n<p>*El precio final variar\u00e1 en funci\u00f3n del peso, increment\u00e1ndose o disminuyendo unos c\u00e9ntimos\/euros en su factura final.<\/p>\n","protected":false},"excerpt":{"rendered":"<p>Costilla de Cerdo Ib\u00e9rico\u00a0adobadas\u00a0elaboradas de forma tradicional con piment\u00f3n de la Vera, ajo, aceite de oliva virgen y sal, lo que las hace potenciar sus ya existentes cualidades de sabor inconfundible de\u00a0costillas ib\u00e9ricas de pueblo. Ideal para preparar guisos caseros o asarlas a la parrilla o brasa acompa\u00f1adas de patatas. Las\u00a0Costilla de Cerdo Ib\u00e9rico\u00a0adobadas\u00a0son el [&hellip;]<\/p>\n","protected":false},"featured_media":247915,"comment_status":"closed","ping_status":"closed","template":"","meta":[],"product_brand":[],"product_cat":[50],"product_tag":[],"class_list":{"0":"post-247914","1":"product","2":"type-product","3":"status-publish","4":"has-post-thumbnail","6":"product_cat-cerdo","8":"first","9":"instock","10":"shipping-taxable","11":"purchasable","12":"product-type-simple"},"_links":{"self":[{"href":"https:\/\/mentta.fastdelivery.es\/index.php\/wp-json\/wp\/v2\/product\/247914","targetHints":{"allow":["GET"]}}],"collection":[{"href":"https:\/\/mentta.fastdelivery.es\/index.php\/wp-json\/wp\/v2\/product"}],"about":[{"href":"https:\/\/mentta.fastdelivery.es\/index.php\/wp-json\/wp\/v2\/types\/product"}],"replies":[{"embeddable":true,"href":"https:\/\/mentta.fastdelivery.es\/index.php\/wp-json\/wp\/v2\/comments?post=247914"}],"wp:featuredmedia":[{"embeddable":true,"href":"https:\/\/mentta.fastdelivery.es\/index.php\/wp-json\/wp\/v2\/media\/247915"}],"wp:attachment":[{"href":"https:\/\/mentta.fastdelivery.es\/index.php\/wp-json\/wp\/v2\/media?parent=247914"}],"wp:term":[{"taxonomy":"product_brand","embeddable":true,"href":"https:\/\/mentta.fastdelivery.es\/index.php\/wp-json\/wp\/v2\/product_brand?post=247914"},{"taxonomy":"product_cat","embeddable":true,"href":"https:\/\/mentta.fastdelivery.es\/index.php\/wp-json\/wp\/v2\/product_cat?post=247914"},{"taxonomy":"product_tag","embeddable":true,"href":"https:\/\/mentta.fastdelivery.es\/index.php\/wp-json\/wp\/v2\/product_tag?post=247914"}],"curies":[{"name":"wp","href":"https:\/\/api.w.org\/{rel}","templated":true}]}}