{"id":247919,"date":"2024-06-16T16:24:41","date_gmt":"2024-06-16T14:24:41","guid":{"rendered":"https:\/\/mentta.fastdelivery.es\/?post_type=product&#038;p=247919"},"modified":"2026-03-10T17:19:49","modified_gmt":"2026-03-10T16:19:49","slug":"chuleta-cerdo-palo-4-und-bandeja-600-gr-aprox","status":"publish","type":"product","link":"https:\/\/mentta.fastdelivery.es\/index.php\/producto\/chuleta-cerdo-palo-4-und-bandeja-600-gr-aprox\/","title":{"rendered":"Chuleta Cerdo Palo 4 und Bandeja 600 gr aprox."},"content":{"rendered":"<p>Las\u00a0<strong>Chuletas de Lomo de Cerdo Duroc<\/strong>, o chuletas\u00a0de palo de cerdo, son tremendamente jugosas y tiernas.<\/p>\n<p>Las puedes preparar de muchas maneras, te quedar\u00e1n igual de tiernas ya sean a la brasa, fritas, empanadas o a la plancha.<\/p>\n<p>&nbsp;<\/p>\n<p>*Se sirven en bandejas de 4 unidades.<\/p>\n<p>*En la preparaci\u00f3n de productos frescos puede existir una ligera variaci\u00f3n del precio final en funci\u00f3n del peso.<\/p>\n","protected":false},"excerpt":{"rendered":"<p>Las\u00a0Chuletas de Lomo de Cerdo Duroc, o chuletas\u00a0de palo de cerdo, son tremendamente jugosas y tiernas. Las puedes preparar de muchas maneras, te quedar\u00e1n igual de tiernas ya sean a la brasa, fritas, empanadas o a la plancha. &nbsp; *Se sirven en bandejas de 4 unidades. *En la preparaci\u00f3n de productos frescos puede existir una [&hellip;]<\/p>\n","protected":false},"featured_media":247920,"comment_status":"closed","ping_status":"closed","template":"","meta":[],"product_brand":[],"product_cat":[50],"product_tag":[],"class_list":{"0":"post-247919","1":"product","2":"type-product","3":"status-publish","4":"has-post-thumbnail","6":"product_cat-cerdo","8":"first","9":"instock","10":"shipping-taxable","11":"purchasable","12":"product-type-simple"},"_links":{"self":[{"href":"https:\/\/mentta.fastdelivery.es\/index.php\/wp-json\/wp\/v2\/product\/247919","targetHints":{"allow":["GET"]}}],"collection":[{"href":"https:\/\/mentta.fastdelivery.es\/index.php\/wp-json\/wp\/v2\/product"}],"about":[{"href":"https:\/\/mentta.fastdelivery.es\/index.php\/wp-json\/wp\/v2\/types\/product"}],"replies":[{"embeddable":true,"href":"https:\/\/mentta.fastdelivery.es\/index.php\/wp-json\/wp\/v2\/comments?post=247919"}],"wp:featuredmedia":[{"embeddable":true,"href":"https:\/\/mentta.fastdelivery.es\/index.php\/wp-json\/wp\/v2\/media\/247920"}],"wp:attachment":[{"href":"https:\/\/mentta.fastdelivery.es\/index.php\/wp-json\/wp\/v2\/media?parent=247919"}],"wp:term":[{"taxonomy":"product_brand","embeddable":true,"href":"https:\/\/mentta.fastdelivery.es\/index.php\/wp-json\/wp\/v2\/product_brand?post=247919"},{"taxonomy":"product_cat","embeddable":true,"href":"https:\/\/mentta.fastdelivery.es\/index.php\/wp-json\/wp\/v2\/product_cat?post=247919"},{"taxonomy":"product_tag","embeddable":true,"href":"https:\/\/mentta.fastdelivery.es\/index.php\/wp-json\/wp\/v2\/product_tag?post=247919"}],"curies":[{"name":"wp","href":"https:\/\/api.w.org\/{rel}","templated":true}]}}