{"id":247922,"date":"2024-06-16T16:26:40","date_gmt":"2024-06-16T14:26:40","guid":{"rendered":"https:\/\/mentta.fastdelivery.es\/?post_type=product&#038;p=247922"},"modified":"2026-03-10T17:19:49","modified_gmt":"2026-03-10T16:19:49","slug":"cinta-de-lomo-al-ajillo-porcionada-600-gr-aprox","status":"publish","type":"product","link":"https:\/\/mentta.fastdelivery.es\/index.php\/producto\/cinta-de-lomo-al-ajillo-porcionada-600-gr-aprox\/","title":{"rendered":"Cinta de lomo al ajillo Porcionada 600 gr aprox."},"content":{"rendered":"<p><strong>Cinta de lomo al ajillo<\/strong>. Carne magra y muy nutritiva de lomo de cerdo Duroc preparada en un adobo al ajillo y porcionada en filetes.<\/p>\n<p>La cinta de lomo contiene\u00a0muy pocas grasas\u00a0 ya que es una<strong>\u00a0carne muy magra<\/strong>, de f\u00e1cil digesti\u00f3n, con un buen aporte cal\u00f3rico y muy tierna.<\/p>\n<p>Es una de las carnes m\u00e1s consumidas del mundo, puedes cocinarla a la plancha, asada o es una pieza estupenda tambi\u00e9n para empanar.<\/p>\n<p>Forma parte de multitud de gastronom\u00edas y culturas, tanto por su sabor como sus cualidades.<\/p>\n<p>&nbsp;<\/p>\n<p>*Peso aprox del producto 600 gr.<\/p>\n<p>*En la preparaci\u00f3n de productos frescos puede existir una ligera variaci\u00f3n del precio final en funci\u00f3n del peso.<\/p>\n","protected":false},"excerpt":{"rendered":"<p>Cinta de lomo al ajillo. Carne magra y muy nutritiva de lomo de cerdo Duroc preparada en un adobo al ajillo y porcionada en filetes. La cinta de lomo contiene\u00a0muy pocas grasas\u00a0 ya que es una\u00a0carne muy magra, de f\u00e1cil digesti\u00f3n, con un buen aporte cal\u00f3rico y muy tierna. Es una de las carnes m\u00e1s [&hellip;]<\/p>\n","protected":false},"featured_media":246612,"comment_status":"closed","ping_status":"closed","template":"","meta":[],"product_brand":[],"product_cat":[50],"product_tag":[],"class_list":{"0":"post-247922","1":"product","2":"type-product","3":"status-publish","4":"has-post-thumbnail","6":"product_cat-cerdo","8":"first","9":"instock","10":"shipping-taxable","11":"purchasable","12":"product-type-simple"},"_links":{"self":[{"href":"https:\/\/mentta.fastdelivery.es\/index.php\/wp-json\/wp\/v2\/product\/247922","targetHints":{"allow":["GET"]}}],"collection":[{"href":"https:\/\/mentta.fastdelivery.es\/index.php\/wp-json\/wp\/v2\/product"}],"about":[{"href":"https:\/\/mentta.fastdelivery.es\/index.php\/wp-json\/wp\/v2\/types\/product"}],"replies":[{"embeddable":true,"href":"https:\/\/mentta.fastdelivery.es\/index.php\/wp-json\/wp\/v2\/comments?post=247922"}],"wp:featuredmedia":[{"embeddable":true,"href":"https:\/\/mentta.fastdelivery.es\/index.php\/wp-json\/wp\/v2\/media\/246612"}],"wp:attachment":[{"href":"https:\/\/mentta.fastdelivery.es\/index.php\/wp-json\/wp\/v2\/media?parent=247922"}],"wp:term":[{"taxonomy":"product_brand","embeddable":true,"href":"https:\/\/mentta.fastdelivery.es\/index.php\/wp-json\/wp\/v2\/product_brand?post=247922"},{"taxonomy":"product_cat","embeddable":true,"href":"https:\/\/mentta.fastdelivery.es\/index.php\/wp-json\/wp\/v2\/product_cat?post=247922"},{"taxonomy":"product_tag","embeddable":true,"href":"https:\/\/mentta.fastdelivery.es\/index.php\/wp-json\/wp\/v2\/product_tag?post=247922"}],"curies":[{"name":"wp","href":"https:\/\/api.w.org\/{rel}","templated":true}]}}