{"id":247928,"date":"2024-06-16T16:32:20","date_gmt":"2024-06-16T14:32:20","guid":{"rendered":"https:\/\/mentta.fastdelivery.es\/?post_type=product&#038;p=247928"},"modified":"2026-03-10T17:19:49","modified_gmt":"2026-03-10T16:19:49","slug":"codillo-cerdo-trasero-sin-piel-1-und-12kg-aprox","status":"publish","type":"product","link":"https:\/\/mentta.fastdelivery.es\/index.php\/producto\/codillo-cerdo-trasero-sin-piel-1-und-12kg-aprox\/","title":{"rendered":"Codillo Cerdo trasero sin Piel 1 und 1,2kg aprox."},"content":{"rendered":"<p>Pieza de\u00a0<strong>Codillo de Cerdo Duroc<\/strong>\u00a0sin piel, este corte va desde el tobillo hasta la rodilla del cerdo.<\/p>\n<p>Es una parte muy sabrosa, especial para caldos de carne, guisado en piezas, al horno con cualquier tipo de guarnici\u00f3n o guisadito a rodajas.<\/p>\n<p>&nbsp;<\/p>\n<p>*Peso aprox del producto por pieza entre 1 &#8211; 1,2 kg.<\/p>\n<p>*En la preparaci\u00f3n de productos frescos puede existir una ligera variaci\u00f3n del precio final en funci\u00f3n del peso.<\/p>\n","protected":false},"excerpt":{"rendered":"<p>Pieza de\u00a0Codillo de Cerdo Duroc\u00a0sin piel, este corte va desde el tobillo hasta la rodilla del cerdo. Es una parte muy sabrosa, especial para caldos de carne, guisado en piezas, al horno con cualquier tipo de guarnici\u00f3n o guisadito a rodajas. &nbsp; *Peso aprox del producto por pieza entre 1 &#8211; 1,2 kg. *En la [&hellip;]<\/p>\n","protected":false},"featured_media":246620,"comment_status":"closed","ping_status":"closed","template":"","meta":[],"product_brand":[],"product_cat":[50],"product_tag":[],"class_list":{"0":"post-247928","1":"product","2":"type-product","3":"status-publish","4":"has-post-thumbnail","6":"product_cat-cerdo","8":"first","9":"instock","10":"shipping-taxable","11":"purchasable","12":"product-type-simple"},"_links":{"self":[{"href":"https:\/\/mentta.fastdelivery.es\/index.php\/wp-json\/wp\/v2\/product\/247928","targetHints":{"allow":["GET"]}}],"collection":[{"href":"https:\/\/mentta.fastdelivery.es\/index.php\/wp-json\/wp\/v2\/product"}],"about":[{"href":"https:\/\/mentta.fastdelivery.es\/index.php\/wp-json\/wp\/v2\/types\/product"}],"replies":[{"embeddable":true,"href":"https:\/\/mentta.fastdelivery.es\/index.php\/wp-json\/wp\/v2\/comments?post=247928"}],"wp:featuredmedia":[{"embeddable":true,"href":"https:\/\/mentta.fastdelivery.es\/index.php\/wp-json\/wp\/v2\/media\/246620"}],"wp:attachment":[{"href":"https:\/\/mentta.fastdelivery.es\/index.php\/wp-json\/wp\/v2\/media?parent=247928"}],"wp:term":[{"taxonomy":"product_brand","embeddable":true,"href":"https:\/\/mentta.fastdelivery.es\/index.php\/wp-json\/wp\/v2\/product_brand?post=247928"},{"taxonomy":"product_cat","embeddable":true,"href":"https:\/\/mentta.fastdelivery.es\/index.php\/wp-json\/wp\/v2\/product_cat?post=247928"},{"taxonomy":"product_tag","embeddable":true,"href":"https:\/\/mentta.fastdelivery.es\/index.php\/wp-json\/wp\/v2\/product_tag?post=247928"}],"curies":[{"name":"wp","href":"https:\/\/api.w.org\/{rel}","templated":true}]}}