{"id":247931,"date":"2024-06-16T16:34:11","date_gmt":"2024-06-16T14:34:11","guid":{"rendered":"https:\/\/mentta.fastdelivery.es\/?post_type=product&#038;p=247931"},"modified":"2026-03-10T17:19:49","modified_gmt":"2026-03-10T16:19:49","slug":"filete-cerdo-600-gr-aprox","status":"publish","type":"product","link":"https:\/\/mentta.fastdelivery.es\/index.php\/producto\/filete-cerdo-600-gr-aprox\/","title":{"rendered":"Filete Cerdo 600 gr aprox."},"content":{"rendered":"<p>Deliciosos<strong>\u00a0Filetes de cerdo Duroc<\/strong>, se caracteriza este tipo de raza de tener un mejor sabor y menos grasa infiltrada que el cerdo ib\u00e9rico<\/p>\n<p>Son\u00a0un gran manjar a la par que sanos, ideales\u00a0 para cocinarlos a la plancha o empanados, incluso marinando en pimienta, sal y lim\u00f3n.<\/p>\n<p>&nbsp;<\/p>\n<p>*Peso aprox del producto 600 gr.<\/p>\n<p>*En la preparaci\u00f3n de productos frescos puede existir una ligera variaci\u00f3n del precio final en funci\u00f3n del peso.<\/p>\n","protected":false},"excerpt":{"rendered":"<p>Deliciosos\u00a0Filetes de cerdo Duroc, se caracteriza este tipo de raza de tener un mejor sabor y menos grasa infiltrada que el cerdo ib\u00e9rico Son\u00a0un gran manjar a la par que sanos, ideales\u00a0 para cocinarlos a la plancha o empanados, incluso marinando en pimienta, sal y lim\u00f3n. &nbsp; *Peso aprox del producto 600 gr. *En la [&hellip;]<\/p>\n","protected":false},"featured_media":246622,"comment_status":"closed","ping_status":"closed","template":"","meta":[],"product_brand":[],"product_cat":[50],"product_tag":[],"class_list":{"0":"post-247931","1":"product","2":"type-product","3":"status-publish","4":"has-post-thumbnail","6":"product_cat-cerdo","8":"first","9":"instock","10":"shipping-taxable","11":"purchasable","12":"product-type-simple"},"_links":{"self":[{"href":"https:\/\/mentta.fastdelivery.es\/index.php\/wp-json\/wp\/v2\/product\/247931","targetHints":{"allow":["GET"]}}],"collection":[{"href":"https:\/\/mentta.fastdelivery.es\/index.php\/wp-json\/wp\/v2\/product"}],"about":[{"href":"https:\/\/mentta.fastdelivery.es\/index.php\/wp-json\/wp\/v2\/types\/product"}],"replies":[{"embeddable":true,"href":"https:\/\/mentta.fastdelivery.es\/index.php\/wp-json\/wp\/v2\/comments?post=247931"}],"wp:featuredmedia":[{"embeddable":true,"href":"https:\/\/mentta.fastdelivery.es\/index.php\/wp-json\/wp\/v2\/media\/246622"}],"wp:attachment":[{"href":"https:\/\/mentta.fastdelivery.es\/index.php\/wp-json\/wp\/v2\/media?parent=247931"}],"wp:term":[{"taxonomy":"product_brand","embeddable":true,"href":"https:\/\/mentta.fastdelivery.es\/index.php\/wp-json\/wp\/v2\/product_brand?post=247931"},{"taxonomy":"product_cat","embeddable":true,"href":"https:\/\/mentta.fastdelivery.es\/index.php\/wp-json\/wp\/v2\/product_cat?post=247931"},{"taxonomy":"product_tag","embeddable":true,"href":"https:\/\/mentta.fastdelivery.es\/index.php\/wp-json\/wp\/v2\/product_tag?post=247931"}],"curies":[{"name":"wp","href":"https:\/\/api.w.org\/{rel}","templated":true}]}}