{"id":247932,"date":"2024-06-16T16:35:15","date_gmt":"2024-06-16T14:35:15","guid":{"rendered":"https:\/\/mentta.fastdelivery.es\/?post_type=product&#038;p=247932"},"modified":"2026-03-10T17:19:48","modified_gmt":"2026-03-10T16:19:48","slug":"filetes-aguja-de-cerdo-750-gr-aprox","status":"publish","type":"product","link":"https:\/\/mentta.fastdelivery.es\/index.php\/producto\/filetes-aguja-de-cerdo-750-gr-aprox\/","title":{"rendered":"Filetes Aguja de Cerdo 750 gr aprox."},"content":{"rendered":"<p>Estos\u00a0<strong>Filetes de Aguja<\/strong>\u00a0de\u00a0<strong>Cerdo Duroc<\/strong>\u00a0resultan muy jugosos y tiernos, ya que est\u00e1n veteados de finas fibras de grasa, su carne pertenece a las costillas de la secci\u00f3n delantera del animal, es decir\u00a0al espinazo del cerdo.<\/p>\n<p>Si necesitas alimentar a una multitud, este corte de\u00a0<strong>cerdo Duroc<\/strong>\u00a0es la soluci\u00f3n perfecta, ya que adem\u00e1s de sabroso resulta\u00a0<strong>muy econ\u00f3mico<\/strong>.<\/p>\n<p>Puedes prepararlos a la plancha, fritos, asados al horno, a la parrilla,\u00a0empanados&#8230;estar\u00e1n deliciosos y si los cortas en tiras finas, ser\u00e1n el aperitivo perfecto para degustar.<\/p>\n<p>&nbsp;<\/p>\n<p>*Peso aprox del producto 750 gr.<\/p>\n<p>*En la preparaci\u00f3n de productos frescos puede existir una ligera variaci\u00f3n del precio final en funci\u00f3n del peso.<\/p>\n","protected":false},"excerpt":{"rendered":"<p>Estos\u00a0Filetes de Aguja\u00a0de\u00a0Cerdo Duroc\u00a0resultan muy jugosos y tiernos, ya que est\u00e1n veteados de finas fibras de grasa, su carne pertenece a las costillas de la secci\u00f3n delantera del animal, es decir\u00a0al espinazo del cerdo. Si necesitas alimentar a una multitud, este corte de\u00a0cerdo Duroc\u00a0es la soluci\u00f3n perfecta, ya que adem\u00e1s de sabroso resulta\u00a0muy econ\u00f3mico. Puedes [&hellip;]<\/p>\n","protected":false},"featured_media":246624,"comment_status":"closed","ping_status":"closed","template":"","meta":[],"product_brand":[],"product_cat":[50],"product_tag":[],"class_list":{"0":"post-247932","1":"product","2":"type-product","3":"status-publish","4":"has-post-thumbnail","6":"product_cat-cerdo","8":"first","9":"instock","10":"shipping-taxable","11":"purchasable","12":"product-type-simple"},"_links":{"self":[{"href":"https:\/\/mentta.fastdelivery.es\/index.php\/wp-json\/wp\/v2\/product\/247932","targetHints":{"allow":["GET"]}}],"collection":[{"href":"https:\/\/mentta.fastdelivery.es\/index.php\/wp-json\/wp\/v2\/product"}],"about":[{"href":"https:\/\/mentta.fastdelivery.es\/index.php\/wp-json\/wp\/v2\/types\/product"}],"replies":[{"embeddable":true,"href":"https:\/\/mentta.fastdelivery.es\/index.php\/wp-json\/wp\/v2\/comments?post=247932"}],"wp:featuredmedia":[{"embeddable":true,"href":"https:\/\/mentta.fastdelivery.es\/index.php\/wp-json\/wp\/v2\/media\/246624"}],"wp:attachment":[{"href":"https:\/\/mentta.fastdelivery.es\/index.php\/wp-json\/wp\/v2\/media?parent=247932"}],"wp:term":[{"taxonomy":"product_brand","embeddable":true,"href":"https:\/\/mentta.fastdelivery.es\/index.php\/wp-json\/wp\/v2\/product_brand?post=247932"},{"taxonomy":"product_cat","embeddable":true,"href":"https:\/\/mentta.fastdelivery.es\/index.php\/wp-json\/wp\/v2\/product_cat?post=247932"},{"taxonomy":"product_tag","embeddable":true,"href":"https:\/\/mentta.fastdelivery.es\/index.php\/wp-json\/wp\/v2\/product_tag?post=247932"}],"curies":[{"name":"wp","href":"https:\/\/api.w.org\/{rel}","templated":true}]}}