{"id":247933,"date":"2024-06-16T16:36:33","date_gmt":"2024-06-16T14:36:33","guid":{"rendered":"https:\/\/mentta.fastdelivery.es\/?post_type=product&#038;p=247933"},"modified":"2026-03-10T17:19:48","modified_gmt":"2026-03-10T16:19:48","slug":"tira-costilla-barbacoa-1-unidad-700-gr-aprox","status":"publish","type":"product","link":"https:\/\/mentta.fastdelivery.es\/index.php\/producto\/tira-costilla-barbacoa-1-unidad-700-gr-aprox\/","title":{"rendered":"Tira Costilla Barbacoa 1 Unidad 1 KG aprox."},"content":{"rendered":"<p>Deliciosas\u00a0<strong>Costillas con salsa Barbacoa<\/strong>\u00a0de cerdo de m\u00e1xima calidad.<\/p>\n<p>Las tiras de costilla de cerdo o costillar, es un tipo de carne ideal para hacerla a la brasa o en barbacoas.<\/p>\n<p>&nbsp;<\/p>\n<p>*Se sirve en pieza entera de aproximadamente 700 gr.<\/p>\n<p>*En la preparaci\u00f3n de productos frescos puede existir una ligera variaci\u00f3n del precio final en funci\u00f3n del peso.<\/p>\n","protected":false},"excerpt":{"rendered":"<p>Deliciosas\u00a0Costillas con salsa Barbacoa\u00a0de cerdo de m\u00e1xima calidad. Las tiras de costilla de cerdo o costillar, es un tipo de carne ideal para hacerla a la brasa o en barbacoas. &nbsp; *Se sirve en pieza entera de aproximadamente 700 gr. *En la preparaci\u00f3n de productos frescos puede existir una ligera variaci\u00f3n del precio final en [&hellip;]<\/p>\n","protected":false},"featured_media":246626,"comment_status":"closed","ping_status":"closed","template":"","meta":[],"product_brand":[],"product_cat":[50],"product_tag":[],"class_list":{"0":"post-247933","1":"product","2":"type-product","3":"status-publish","4":"has-post-thumbnail","6":"product_cat-cerdo","8":"first","9":"instock","10":"shipping-taxable","11":"purchasable","12":"product-type-simple"},"_links":{"self":[{"href":"https:\/\/mentta.fastdelivery.es\/index.php\/wp-json\/wp\/v2\/product\/247933","targetHints":{"allow":["GET"]}}],"collection":[{"href":"https:\/\/mentta.fastdelivery.es\/index.php\/wp-json\/wp\/v2\/product"}],"about":[{"href":"https:\/\/mentta.fastdelivery.es\/index.php\/wp-json\/wp\/v2\/types\/product"}],"replies":[{"embeddable":true,"href":"https:\/\/mentta.fastdelivery.es\/index.php\/wp-json\/wp\/v2\/comments?post=247933"}],"wp:featuredmedia":[{"embeddable":true,"href":"https:\/\/mentta.fastdelivery.es\/index.php\/wp-json\/wp\/v2\/media\/246626"}],"wp:attachment":[{"href":"https:\/\/mentta.fastdelivery.es\/index.php\/wp-json\/wp\/v2\/media?parent=247933"}],"wp:term":[{"taxonomy":"product_brand","embeddable":true,"href":"https:\/\/mentta.fastdelivery.es\/index.php\/wp-json\/wp\/v2\/product_brand?post=247933"},{"taxonomy":"product_cat","embeddable":true,"href":"https:\/\/mentta.fastdelivery.es\/index.php\/wp-json\/wp\/v2\/product_cat?post=247933"},{"taxonomy":"product_tag","embeddable":true,"href":"https:\/\/mentta.fastdelivery.es\/index.php\/wp-json\/wp\/v2\/product_tag?post=247933"}],"curies":[{"name":"wp","href":"https:\/\/api.w.org\/{rel}","templated":true}]}}