{"id":247936,"date":"2024-06-16T17:50:10","date_gmt":"2024-06-16T15:50:10","guid":{"rendered":"https:\/\/mentta.fastdelivery.es\/?post_type=product&#038;p=247936"},"modified":"2026-03-10T17:19:48","modified_gmt":"2026-03-10T16:19:48","slug":"carpaccio-lomo-vaca-madurada-100-gr-aprox","status":"publish","type":"product","link":"https:\/\/mentta.fastdelivery.es\/index.php\/producto\/carpaccio-lomo-vaca-madurada-100-gr-aprox\/","title":{"rendered":"Carpaccio Lomo Vaca Madurada 100 gr aprox."},"content":{"rendered":"<p><strong>Carpaccio de Lomo de Vaca Madurada<\/strong>, presentado en bandeja de\u00a0<strong>100 gr aprox.<\/strong><\/p>\n<p>Elaborados con piezas de m\u00e1xima calidad que atesoran los productos de\u00a0<strong>Los Norte\u00f1os<\/strong>.<\/p>\n<p>Es una preparaci\u00f3n de carne cruda, finamente cortada o majada hasta quedar fina.<\/p>\n<p>Ideal para servir como aperitivo, puedes ali\u00f1arlo con aceite de oliva, vinagre, mostaza, lim\u00f3n, sal, pimienta&#8230; y acompa\u00f1arlo con unas lascas de queso y un buen vino tinto.<\/p>\n<p>Tambi\u00e9n es un buen acompa\u00f1ante en ensaladas.<\/p>\n","protected":false},"excerpt":{"rendered":"<p>Carpaccio de Lomo de Vaca Madurada, presentado en bandeja de\u00a0100 gr aprox. Elaborados con piezas de m\u00e1xima calidad que atesoran los productos de\u00a0Los Norte\u00f1os. Es una preparaci\u00f3n de carne cruda, finamente cortada o majada hasta quedar fina. Ideal para servir como aperitivo, puedes ali\u00f1arlo con aceite de oliva, vinagre, mostaza, lim\u00f3n, sal, pimienta&#8230; y acompa\u00f1arlo [&hellip;]<\/p>\n","protected":false},"featured_media":246628,"comment_status":"closed","ping_status":"closed","template":"","meta":[],"product_brand":[],"product_cat":[48],"product_tag":[],"class_list":{"0":"post-247936","1":"product","2":"type-product","3":"status-publish","4":"has-post-thumbnail","6":"product_cat-ternera","8":"first","9":"instock","10":"shipping-taxable","11":"purchasable","12":"product-type-simple"},"_links":{"self":[{"href":"https:\/\/mentta.fastdelivery.es\/index.php\/wp-json\/wp\/v2\/product\/247936","targetHints":{"allow":["GET"]}}],"collection":[{"href":"https:\/\/mentta.fastdelivery.es\/index.php\/wp-json\/wp\/v2\/product"}],"about":[{"href":"https:\/\/mentta.fastdelivery.es\/index.php\/wp-json\/wp\/v2\/types\/product"}],"replies":[{"embeddable":true,"href":"https:\/\/mentta.fastdelivery.es\/index.php\/wp-json\/wp\/v2\/comments?post=247936"}],"wp:featuredmedia":[{"embeddable":true,"href":"https:\/\/mentta.fastdelivery.es\/index.php\/wp-json\/wp\/v2\/media\/246628"}],"wp:attachment":[{"href":"https:\/\/mentta.fastdelivery.es\/index.php\/wp-json\/wp\/v2\/media?parent=247936"}],"wp:term":[{"taxonomy":"product_brand","embeddable":true,"href":"https:\/\/mentta.fastdelivery.es\/index.php\/wp-json\/wp\/v2\/product_brand?post=247936"},{"taxonomy":"product_cat","embeddable":true,"href":"https:\/\/mentta.fastdelivery.es\/index.php\/wp-json\/wp\/v2\/product_cat?post=247936"},{"taxonomy":"product_tag","embeddable":true,"href":"https:\/\/mentta.fastdelivery.es\/index.php\/wp-json\/wp\/v2\/product_tag?post=247936"}],"curies":[{"name":"wp","href":"https:\/\/api.w.org\/{rel}","templated":true}]}}