{"id":247938,"date":"2024-06-16T17:56:16","date_gmt":"2024-06-16T15:56:16","guid":{"rendered":"https:\/\/mentta.fastdelivery.es\/?post_type=product&#038;p=247938"},"modified":"2026-03-10T17:19:48","modified_gmt":"2026-03-10T16:19:48","slug":"carrillada-vacuno-4-und-bandeja-2-kg-aprox","status":"publish","type":"product","link":"https:\/\/mentta.fastdelivery.es\/index.php\/producto\/carrillada-vacuno-4-und-bandeja-2-kg-aprox\/","title":{"rendered":"Carrillada Vacuno 4 und Bandeja 2 kg. aprox."},"content":{"rendered":"<p>La\u00a0<strong>Carrillada de Vacuno<\/strong>\u00a0es una carne es muy tierna que se deshace en el paladar, un aut\u00e9ntico bocado Gourmet.<\/p>\n<p>Es una carne muy tierna, jugosa, exquisita y rica en prote\u00ednas, hierro y vitaminas.<\/p>\n<p>Entre los cocineros de renombre, las carrilladas o carrilleras, se est\u00e1n convirtiendo en un plato de moda por su textura y versatilidad.<\/p>\n<p>Te servimos cuatro unidades presentadas en bandeja.<\/p>\n","protected":false},"excerpt":{"rendered":"<p>La\u00a0Carrillada de Vacuno\u00a0es una carne es muy tierna que se deshace en el paladar, un aut\u00e9ntico bocado Gourmet. Es una carne muy tierna, jugosa, exquisita y rica en prote\u00ednas, hierro y vitaminas. Entre los cocineros de renombre, las carrilladas o carrilleras, se est\u00e1n convirtiendo en un plato de moda por su textura y versatilidad. Te [&hellip;]<\/p>\n","protected":false},"featured_media":246604,"comment_status":"closed","ping_status":"closed","template":"","meta":[],"product_brand":[],"product_cat":[48],"product_tag":[],"class_list":{"0":"post-247938","1":"product","2":"type-product","3":"status-publish","4":"has-post-thumbnail","6":"product_cat-ternera","8":"first","9":"instock","10":"shipping-taxable","11":"purchasable","12":"product-type-simple"},"_links":{"self":[{"href":"https:\/\/mentta.fastdelivery.es\/index.php\/wp-json\/wp\/v2\/product\/247938","targetHints":{"allow":["GET"]}}],"collection":[{"href":"https:\/\/mentta.fastdelivery.es\/index.php\/wp-json\/wp\/v2\/product"}],"about":[{"href":"https:\/\/mentta.fastdelivery.es\/index.php\/wp-json\/wp\/v2\/types\/product"}],"replies":[{"embeddable":true,"href":"https:\/\/mentta.fastdelivery.es\/index.php\/wp-json\/wp\/v2\/comments?post=247938"}],"wp:featuredmedia":[{"embeddable":true,"href":"https:\/\/mentta.fastdelivery.es\/index.php\/wp-json\/wp\/v2\/media\/246604"}],"wp:attachment":[{"href":"https:\/\/mentta.fastdelivery.es\/index.php\/wp-json\/wp\/v2\/media?parent=247938"}],"wp:term":[{"taxonomy":"product_brand","embeddable":true,"href":"https:\/\/mentta.fastdelivery.es\/index.php\/wp-json\/wp\/v2\/product_brand?post=247938"},{"taxonomy":"product_cat","embeddable":true,"href":"https:\/\/mentta.fastdelivery.es\/index.php\/wp-json\/wp\/v2\/product_cat?post=247938"},{"taxonomy":"product_tag","embeddable":true,"href":"https:\/\/mentta.fastdelivery.es\/index.php\/wp-json\/wp\/v2\/product_tag?post=247938"}],"curies":[{"name":"wp","href":"https:\/\/api.w.org\/{rel}","templated":true}]}}