{"id":247939,"date":"2024-06-16T18:00:23","date_gmt":"2024-06-16T16:00:23","guid":{"rendered":"https:\/\/mentta.fastdelivery.es\/?post_type=product&#038;p=247939"},"modified":"2026-03-10T17:19:48","modified_gmt":"2026-03-10T16:19:48","slug":"filetes-higado-de-ternera-1-kg-aprox","status":"publish","type":"product","link":"https:\/\/mentta.fastdelivery.es\/index.php\/producto\/filetes-higado-de-ternera-1-kg-aprox\/","title":{"rendered":"Filetes H\u00edgado de Ternera 1 Kg. aprox."},"content":{"rendered":"<p><strong>H\u00edgado de Ternera<\/strong>\u00a0de primera calidad preparado en\u00a0<strong>filetes<\/strong>, de un color rojo intenso, textura peculiar y considerado como un bocado selecto.<\/p>\n<p>Lo puedes preparar\u00a0encebollado, a la plancha, empanado, horneado, cocido, salteado&#8230;Es una fuente de vitaminas A y B12, contiene hierro de f\u00e1cil asimilaci\u00f3n y un gran contenido proteico.<\/p>\n<p>&nbsp;<\/p>\n<p>*Peso aprox del producto 1 Kg.<\/p>\n<p>*En la preparaci\u00f3n de productos frescos puede existir una ligera variaci\u00f3n del precio final en funci\u00f3n del peso.<\/p>\n","protected":false},"excerpt":{"rendered":"<p>H\u00edgado de Ternera\u00a0de primera calidad preparado en\u00a0filetes, de un color rojo intenso, textura peculiar y considerado como un bocado selecto. Lo puedes preparar\u00a0encebollado, a la plancha, empanado, horneado, cocido, salteado&#8230;Es una fuente de vitaminas A y B12, contiene hierro de f\u00e1cil asimilaci\u00f3n y un gran contenido proteico. &nbsp; *Peso aprox del producto 1 Kg. *En [&hellip;]<\/p>\n","protected":false},"featured_media":0,"comment_status":"closed","ping_status":"closed","template":"","meta":[],"product_brand":[],"product_cat":[48],"product_tag":[],"class_list":{"0":"post-247939","1":"product","2":"type-product","3":"status-publish","5":"product_cat-ternera","7":"first","8":"instock","9":"shipping-taxable","10":"purchasable","11":"product-type-simple"},"_links":{"self":[{"href":"https:\/\/mentta.fastdelivery.es\/index.php\/wp-json\/wp\/v2\/product\/247939","targetHints":{"allow":["GET"]}}],"collection":[{"href":"https:\/\/mentta.fastdelivery.es\/index.php\/wp-json\/wp\/v2\/product"}],"about":[{"href":"https:\/\/mentta.fastdelivery.es\/index.php\/wp-json\/wp\/v2\/types\/product"}],"replies":[{"embeddable":true,"href":"https:\/\/mentta.fastdelivery.es\/index.php\/wp-json\/wp\/v2\/comments?post=247939"}],"wp:attachment":[{"href":"https:\/\/mentta.fastdelivery.es\/index.php\/wp-json\/wp\/v2\/media?parent=247939"}],"wp:term":[{"taxonomy":"product_brand","embeddable":true,"href":"https:\/\/mentta.fastdelivery.es\/index.php\/wp-json\/wp\/v2\/product_brand?post=247939"},{"taxonomy":"product_cat","embeddable":true,"href":"https:\/\/mentta.fastdelivery.es\/index.php\/wp-json\/wp\/v2\/product_cat?post=247939"},{"taxonomy":"product_tag","embeddable":true,"href":"https:\/\/mentta.fastdelivery.es\/index.php\/wp-json\/wp\/v2\/product_tag?post=247939"}],"curies":[{"name":"wp","href":"https:\/\/api.w.org\/{rel}","templated":true}]}}