{"id":247940,"date":"2024-06-16T18:01:21","date_gmt":"2024-06-16T16:01:21","guid":{"rendered":"https:\/\/mentta.fastdelivery.es\/?post_type=product&#038;p=247940"},"modified":"2026-03-10T17:19:48","modified_gmt":"2026-03-10T16:19:48","slug":"solomillo-ternera-3-kg","status":"publish","type":"product","link":"https:\/\/mentta.fastdelivery.es\/index.php\/producto\/solomillo-ternera-3-kg\/","title":{"rendered":"Solomillo Ternera 3 Kg"},"content":{"rendered":"<p>El\u00a0<strong>Solomillo de Ternera<\/strong>\u00a0es uno de los cortes m\u00e1s valorados, se sit\u00faa en la cara interna del lomo bajo del animal, en la zona m\u00e1s cercana a la cadera.<\/p>\n<p>Pieza selecta de primera categor\u00eda, es muy apreciada\u00a0por su ternura y por ser muy suculenta.<\/p>\n<p>Solomillo bajo en grasa y f\u00e1cil de digerir.<\/p>\n<p>&nbsp;<\/p>\n<p>*Peso aprox del producto 3 kg<\/p>\n<p>*En la preparaci\u00f3n de productos frescos puede existir una ligera variaci\u00f3n del precio final en funci\u00f3n del peso.<\/p>\n","protected":false},"excerpt":{"rendered":"<p>El\u00a0Solomillo de Ternera\u00a0es uno de los cortes m\u00e1s valorados, se sit\u00faa en la cara interna del lomo bajo del animal, en la zona m\u00e1s cercana a la cadera. Pieza selecta de primera categor\u00eda, es muy apreciada\u00a0por su ternura y por ser muy suculenta. Solomillo bajo en grasa y f\u00e1cil de digerir. &nbsp; *Peso aprox del [&hellip;]<\/p>\n","protected":false},"featured_media":247941,"comment_status":"closed","ping_status":"closed","template":"","meta":[],"product_brand":[],"product_cat":[48],"product_tag":[],"class_list":{"0":"post-247940","1":"product","2":"type-product","3":"status-publish","4":"has-post-thumbnail","6":"product_cat-ternera","8":"first","9":"instock","10":"shipping-taxable","11":"purchasable","12":"product-type-simple"},"_links":{"self":[{"href":"https:\/\/mentta.fastdelivery.es\/index.php\/wp-json\/wp\/v2\/product\/247940","targetHints":{"allow":["GET"]}}],"collection":[{"href":"https:\/\/mentta.fastdelivery.es\/index.php\/wp-json\/wp\/v2\/product"}],"about":[{"href":"https:\/\/mentta.fastdelivery.es\/index.php\/wp-json\/wp\/v2\/types\/product"}],"replies":[{"embeddable":true,"href":"https:\/\/mentta.fastdelivery.es\/index.php\/wp-json\/wp\/v2\/comments?post=247940"}],"wp:featuredmedia":[{"embeddable":true,"href":"https:\/\/mentta.fastdelivery.es\/index.php\/wp-json\/wp\/v2\/media\/247941"}],"wp:attachment":[{"href":"https:\/\/mentta.fastdelivery.es\/index.php\/wp-json\/wp\/v2\/media?parent=247940"}],"wp:term":[{"taxonomy":"product_brand","embeddable":true,"href":"https:\/\/mentta.fastdelivery.es\/index.php\/wp-json\/wp\/v2\/product_brand?post=247940"},{"taxonomy":"product_cat","embeddable":true,"href":"https:\/\/mentta.fastdelivery.es\/index.php\/wp-json\/wp\/v2\/product_cat?post=247940"},{"taxonomy":"product_tag","embeddable":true,"href":"https:\/\/mentta.fastdelivery.es\/index.php\/wp-json\/wp\/v2\/product_tag?post=247940"}],"curies":[{"name":"wp","href":"https:\/\/api.w.org\/{rel}","templated":true}]}}