{"id":247942,"date":"2024-06-16T18:02:50","date_gmt":"2024-06-16T16:02:50","guid":{"rendered":"https:\/\/mentta.fastdelivery.es\/?post_type=product&#038;p=247942"},"modified":"2026-03-10T17:19:48","modified_gmt":"2026-03-10T16:19:48","slug":"chuleton-vaca-gallega-800-gr","status":"publish","type":"product","link":"https:\/\/mentta.fastdelivery.es\/index.php\/producto\/chuleton-vaca-gallega-800-gr\/","title":{"rendered":"Chulet\u00f3n Vaca Gallega 800 gr."},"content":{"rendered":"<p><strong>Chulet\u00f3n Vaca Gallega<\/strong>\u00a0800 gr.<\/p>\n<p>La raza de<strong>\u00a0Vaca Rubia Gallega<\/strong>\u00a0est\u00e1 catalogada oficialmente como aut\u00f3ctona de fomento, ocupa la zona noroeste de la Pen\u00ednsula y es una raza que destaca por su rusticidad, car\u00e1cter maternal y buena producci\u00f3n c\u00e1rnica.<\/p>\n<p>Viven en libertad y se\u00a0<strong>alimentan a base de pasto y ma\u00edz<\/strong>, lo que aporta una\u00a0<strong>grasa amarilla caracter\u00edstica<\/strong>\u00a0y un\u00a0<strong>espectacular y pronunciado sabor.<\/strong><\/p>\n<p>Aunque como todo, es cuesti\u00f3n de gustos&#8230; te recomendamos disfrutar del\u00a0<strong>chulet\u00f3n\u00a0poco hecho<\/strong>\u00a0o\u00a0<strong>en su punto<\/strong>.<\/p>\n<p>\u00a1Es un corte que enamora a los verdaderos amantes de la carne! Ideal para preparar en barbacoa, a la parrilla o a la piedra.<\/p>\n<p>&nbsp;<\/p>\n<p>*Peso aprox del producto 800 gr.<\/p>\n<p>&nbsp;<\/p>\n<p>*En la preparaci\u00f3n de productos frescos puede existir una ligera variaci\u00f3n del precio final en funci\u00f3n del peso.<\/p>\n","protected":false},"excerpt":{"rendered":"<p>Chulet\u00f3n Vaca Gallega\u00a0800 gr. La raza de\u00a0Vaca Rubia Gallega\u00a0est\u00e1 catalogada oficialmente como aut\u00f3ctona de fomento, ocupa la zona noroeste de la Pen\u00ednsula y es una raza que destaca por su rusticidad, car\u00e1cter maternal y buena producci\u00f3n c\u00e1rnica. Viven en libertad y se\u00a0alimentan a base de pasto y ma\u00edz, lo que aporta una\u00a0grasa amarilla caracter\u00edstica\u00a0y un\u00a0espectacular [&hellip;]<\/p>\n","protected":false},"featured_media":246633,"comment_status":"closed","ping_status":"closed","template":"","meta":[],"product_brand":[],"product_cat":[48],"product_tag":[],"class_list":{"0":"post-247942","1":"product","2":"type-product","3":"status-publish","4":"has-post-thumbnail","6":"product_cat-ternera","8":"first","9":"instock","10":"shipping-taxable","11":"purchasable","12":"product-type-simple"},"_links":{"self":[{"href":"https:\/\/mentta.fastdelivery.es\/index.php\/wp-json\/wp\/v2\/product\/247942","targetHints":{"allow":["GET"]}}],"collection":[{"href":"https:\/\/mentta.fastdelivery.es\/index.php\/wp-json\/wp\/v2\/product"}],"about":[{"href":"https:\/\/mentta.fastdelivery.es\/index.php\/wp-json\/wp\/v2\/types\/product"}],"replies":[{"embeddable":true,"href":"https:\/\/mentta.fastdelivery.es\/index.php\/wp-json\/wp\/v2\/comments?post=247942"}],"wp:featuredmedia":[{"embeddable":true,"href":"https:\/\/mentta.fastdelivery.es\/index.php\/wp-json\/wp\/v2\/media\/246633"}],"wp:attachment":[{"href":"https:\/\/mentta.fastdelivery.es\/index.php\/wp-json\/wp\/v2\/media?parent=247942"}],"wp:term":[{"taxonomy":"product_brand","embeddable":true,"href":"https:\/\/mentta.fastdelivery.es\/index.php\/wp-json\/wp\/v2\/product_brand?post=247942"},{"taxonomy":"product_cat","embeddable":true,"href":"https:\/\/mentta.fastdelivery.es\/index.php\/wp-json\/wp\/v2\/product_cat?post=247942"},{"taxonomy":"product_tag","embeddable":true,"href":"https:\/\/mentta.fastdelivery.es\/index.php\/wp-json\/wp\/v2\/product_tag?post=247942"}],"curies":[{"name":"wp","href":"https:\/\/api.w.org\/{rel}","templated":true}]}}