{"id":247943,"date":"2024-06-16T21:32:49","date_gmt":"2024-06-16T19:32:49","guid":{"rendered":"https:\/\/mentta.fastdelivery.es\/?post_type=product&#038;p=247943"},"modified":"2026-03-10T17:19:48","modified_gmt":"2026-03-10T16:19:48","slug":"chuleton-ternera-rosada-600-gr-aprox","status":"publish","type":"product","link":"https:\/\/mentta.fastdelivery.es\/index.php\/producto\/chuleton-ternera-rosada-600-gr-aprox\/","title":{"rendered":"Chulet\u00f3n Ternera Rosada 600 gr aprox."},"content":{"rendered":"<p>Este\u00a0<strong>Chulet\u00f3n de Ternera Rosada\u00a0<\/strong>proviene\u00a0del lomo alto con hueso.<\/p>\n<p>Debido a su grasa infiltrada, es suave y gustoso, una\u00a0<strong>carne exquisita<\/strong>\u00a0al paladar.<\/p>\n<p>Esta carne es una de las m\u00e1s apreciadas y no falta en la carta de ning\u00fan restaurante que se precie, normalmente ofrecen el\u00a0<strong>Chulet\u00f3n de Ternera<\/strong>\u00a0a la piedra, pero esta pieza es perfecta tambi\u00e9n para barbacoa, a la parrilla o a la brasa.<\/p>\n<p>Si nunca has degustado un buen Chulet\u00f3n de Ternera, no sabes lo que te est\u00e1s perdiendo!!<\/p>\n<p>&nbsp;<\/p>\n<p>*Peso aprox del producto 600 gr.<\/p>\n<p>*En la preparaci\u00f3n de productos frescos puede existir una ligera variaci\u00f3n del precio final en funci\u00f3n del peso.<\/p>\n","protected":false},"excerpt":{"rendered":"<p>Este\u00a0Chulet\u00f3n de Ternera Rosada\u00a0proviene\u00a0del lomo alto con hueso. Debido a su grasa infiltrada, es suave y gustoso, una\u00a0carne exquisita\u00a0al paladar. Esta carne es una de las m\u00e1s apreciadas y no falta en la carta de ning\u00fan restaurante que se precie, normalmente ofrecen el\u00a0Chulet\u00f3n de Ternera\u00a0a la piedra, pero esta pieza es perfecta tambi\u00e9n para barbacoa, [&hellip;]<\/p>\n","protected":false},"featured_media":246635,"comment_status":"closed","ping_status":"closed","template":"","meta":[],"product_brand":[],"product_cat":[48],"product_tag":[],"class_list":{"0":"post-247943","1":"product","2":"type-product","3":"status-publish","4":"has-post-thumbnail","6":"product_cat-ternera","8":"first","9":"instock","10":"shipping-taxable","11":"purchasable","12":"product-type-simple"},"_links":{"self":[{"href":"https:\/\/mentta.fastdelivery.es\/index.php\/wp-json\/wp\/v2\/product\/247943","targetHints":{"allow":["GET"]}}],"collection":[{"href":"https:\/\/mentta.fastdelivery.es\/index.php\/wp-json\/wp\/v2\/product"}],"about":[{"href":"https:\/\/mentta.fastdelivery.es\/index.php\/wp-json\/wp\/v2\/types\/product"}],"replies":[{"embeddable":true,"href":"https:\/\/mentta.fastdelivery.es\/index.php\/wp-json\/wp\/v2\/comments?post=247943"}],"wp:featuredmedia":[{"embeddable":true,"href":"https:\/\/mentta.fastdelivery.es\/index.php\/wp-json\/wp\/v2\/media\/246635"}],"wp:attachment":[{"href":"https:\/\/mentta.fastdelivery.es\/index.php\/wp-json\/wp\/v2\/media?parent=247943"}],"wp:term":[{"taxonomy":"product_brand","embeddable":true,"href":"https:\/\/mentta.fastdelivery.es\/index.php\/wp-json\/wp\/v2\/product_brand?post=247943"},{"taxonomy":"product_cat","embeddable":true,"href":"https:\/\/mentta.fastdelivery.es\/index.php\/wp-json\/wp\/v2\/product_cat?post=247943"},{"taxonomy":"product_tag","embeddable":true,"href":"https:\/\/mentta.fastdelivery.es\/index.php\/wp-json\/wp\/v2\/product_tag?post=247943"}],"curies":[{"name":"wp","href":"https:\/\/api.w.org\/{rel}","templated":true}]}}