{"id":247948,"date":"2024-06-16T21:37:41","date_gmt":"2024-06-16T19:37:41","guid":{"rendered":"https:\/\/mentta.fastdelivery.es\/?post_type=product&#038;p=247948"},"modified":"2026-03-10T17:19:48","modified_gmt":"2026-03-10T16:19:48","slug":"entrecot-angus-madurado-450-gr","status":"publish","type":"product","link":"https:\/\/mentta.fastdelivery.es\/index.php\/producto\/entrecot-angus-madurado-450-gr\/","title":{"rendered":"Entrecot Angus Madurado 500 gr."},"content":{"rendered":"<p><strong>Entrecot Angus Madurado<\/strong>\u00a0450 gr.<\/p>\n<p>Si te encanta la carne, prueba nuestros<strong>\u00a0entrecots de Angus<\/strong>: son \u00fanicos, garantizan el \u00e9xito de cualquier comida.<\/p>\n<p>La raza de\u00a0<strong>terneras Black Angus<\/strong>\u00a0es conocida por su grasa inflitrada que le confiere un sabor y una terneza espectacular.<\/p>\n<p>Con una\u00a0<strong>maduraci\u00f3n de 15-20 d\u00edas<\/strong>\u00a0la carne adquiere una\u00a0<strong>suavidad y una ternura<\/strong>\u00a0asombrosas, gracias a la ruptura de sus fibras musculares.<\/p>\n<p>As\u00ed conseguimos que nuestras piezas tengan una\u00a0<strong>cremosidad y sabor asombrosos<\/strong>.<\/p>\n<p>Recomendamos para potenciar al m\u00e1ximo su sabor, sacarlos de la nevera y de su envase al vac\u00edo una hora antes de cocinarlos.<\/p>\n<p>*En la preparaci\u00f3n de productos frescos puede existir una ligera variaci\u00f3n del precio final en funci\u00f3n del peso.<\/p>\n","protected":false},"excerpt":{"rendered":"<p>Entrecot Angus Madurado\u00a0450 gr. Si te encanta la carne, prueba nuestros\u00a0entrecots de Angus: son \u00fanicos, garantizan el \u00e9xito de cualquier comida. La raza de\u00a0terneras Black Angus\u00a0es conocida por su grasa inflitrada que le confiere un sabor y una terneza espectacular. Con una\u00a0maduraci\u00f3n de 15-20 d\u00edas\u00a0la carne adquiere una\u00a0suavidad y una ternura\u00a0asombrosas, gracias a la ruptura [&hellip;]<\/p>\n","protected":false},"featured_media":246641,"comment_status":"closed","ping_status":"closed","template":"","meta":[],"product_brand":[],"product_cat":[48],"product_tag":[],"class_list":{"0":"post-247948","1":"product","2":"type-product","3":"status-publish","4":"has-post-thumbnail","6":"product_cat-ternera","8":"first","9":"instock","10":"shipping-taxable","11":"purchasable","12":"product-type-simple"},"_links":{"self":[{"href":"https:\/\/mentta.fastdelivery.es\/index.php\/wp-json\/wp\/v2\/product\/247948","targetHints":{"allow":["GET"]}}],"collection":[{"href":"https:\/\/mentta.fastdelivery.es\/index.php\/wp-json\/wp\/v2\/product"}],"about":[{"href":"https:\/\/mentta.fastdelivery.es\/index.php\/wp-json\/wp\/v2\/types\/product"}],"replies":[{"embeddable":true,"href":"https:\/\/mentta.fastdelivery.es\/index.php\/wp-json\/wp\/v2\/comments?post=247948"}],"wp:featuredmedia":[{"embeddable":true,"href":"https:\/\/mentta.fastdelivery.es\/index.php\/wp-json\/wp\/v2\/media\/246641"}],"wp:attachment":[{"href":"https:\/\/mentta.fastdelivery.es\/index.php\/wp-json\/wp\/v2\/media?parent=247948"}],"wp:term":[{"taxonomy":"product_brand","embeddable":true,"href":"https:\/\/mentta.fastdelivery.es\/index.php\/wp-json\/wp\/v2\/product_brand?post=247948"},{"taxonomy":"product_cat","embeddable":true,"href":"https:\/\/mentta.fastdelivery.es\/index.php\/wp-json\/wp\/v2\/product_cat?post=247948"},{"taxonomy":"product_tag","embeddable":true,"href":"https:\/\/mentta.fastdelivery.es\/index.php\/wp-json\/wp\/v2\/product_tag?post=247948"}],"curies":[{"name":"wp","href":"https:\/\/api.w.org\/{rel}","templated":true}]}}